{"id":3452,"date":"2024-12-08T13:11:58","date_gmt":"2024-12-08T12:11:58","guid":{"rendered":"http:\/\/localhost\/JK-Nastroje-web\/polotovary-hlavni\/"},"modified":"2025-03-24T13:15:20","modified_gmt":"2025-03-24T12:15:20","slug":"halbfertige-hauptprodukte","status":"publish","type":"page","link":"https:\/\/jk-nastroje.cz\/de\/halbfertige-hauptprodukte\/","title":{"rendered":"Halbfertige Hauptprodukte"},"content":{"rendered":"<p><section data-bb-version=\"5.2.4\" id=\"bt_bb_section69eba45a982f3\"  class=\"bt_bb_section bt_bb_top_spacing_no_spacing bt_bb_bottom_spacing_no_spacing bt_bb_layout_boxed_1200 bt_bb_vertical_align_top bt_bb_background_image\" style=\"background-image:url(&#039;https:\/\/jk-nastroje.cz\/wp-content\/uploads\/2024\/12\/header-isb.jpg&#039;);\" data-bt-override-class=\"{&quot;bt_bb_top_spacing_&quot;:{&quot;current_class&quot;:&quot;bt_bb_top_spacing_no_spacing&quot;,&quot;def&quot;:&quot;no_spacing&quot;},&quot;bt_bb_bottom_spacing_&quot;:{&quot;current_class&quot;:&quot;bt_bb_bottom_spacing_no_spacing&quot;,&quot;def&quot;:&quot;no_spacing&quot;}}\"><span class=\"bt_bb_overlay\"><\/span><div class=\"bt_bb_port\"><div class=\"bt_bb_cell\"><div class=\"bt_bb_cell_inner\"><div class=\"bt_bb_row_wrapper\"><div  class=\"bt_bb_row\" ><div data-bb-version=\"5.1.3\"  class=\"bt_bb_column col-xl-12 col-xs-12 col-sm-12 col-md-12 col-lg-12 bt_bb_align_left bt_bb_vertical_align_top bt_bb_padding_normal\"  data-width=\"12\" data-bt-override-class=\"{&quot;bt_bb_align_&quot;:{&quot;current_class&quot;:&quot;bt_bb_align_left&quot;,&quot;def&quot;:&quot;left&quot;},&quot;bt_bb_padding_&quot;:{&quot;current_class&quot;:&quot;bt_bb_padding_normal&quot;,&quot;def&quot;:&quot;normal&quot;}}\"><div class=\"bt_bb_column_content\"><div class=\"bt_bb_column_content_inner\"><div data-bb-version=\"5.2.4\" class=\"bt_bb_separator bt_bb_top_spacing_no_spacing bt_bb_bottom_spacing_140 bt_bb_border_style_none\" data-bt-override-class=\"{&quot;bt_bb_top_spacing_&quot;:{&quot;current_class&quot;:&quot;bt_bb_top_spacing_no_spacing&quot;,&quot;def&quot;:&quot;no_spacing&quot;},&quot;bt_bb_bottom_spacing_&quot;:{&quot;current_class&quot;:&quot;bt_bb_bottom_spacing_140&quot;,&quot;def&quot;:&quot;140&quot;,&quot;md&quot;:&quot;50&quot;,&quot;sm&quot;:&quot;50&quot;,&quot;xs&quot;:&quot;50&quot;}}\"><\/div><header data-bb-version=\"5.2.6\" class=\"bt_bb_headline bt_bb_font_weight_300 bt_bb_dash_none bt_bb_size_medium bt_bb_align_inherit\" data-bt-override-class=\"{&quot;bt_bb_size_&quot;:{&quot;current_class&quot;:&quot;bt_bb_size_medium&quot;,&quot;def&quot;:&quot;medium&quot;,&quot;md&quot;:&quot;normal&quot;,&quot;sm&quot;:&quot;normal&quot;,&quot;xs&quot;:&quot;normal&quot;},&quot;bt_bb_align_&quot;:{&quot;current_class&quot;:&quot;bt_bb_align_inherit&quot;,&quot;def&quot;:&quot;inherit&quot;}}\"><h2 class=\"bt_bb_headline_tag\"><span class=\"bt_bb_headline_content\"><span >Herstellung von Halbfertigprodukten, haupts\u00e4chlich,<br \/><br \/>\nTieflochbohren,<br \/><br \/>\nEntwicklung und Modifikation von Sport- und<br \/><br \/>\nund Jagdwaffen<\/span><\/span><\/h2><\/header><div data-bb-version=\"5.2.4\" class=\"bt_bb_separator bt_bb_top_spacing_no_spacing bt_bb_bottom_spacing_40 bt_bb_border_style_none\" data-bt-override-class=\"{&quot;bt_bb_top_spacing_&quot;:{&quot;current_class&quot;:&quot;bt_bb_top_spacing_no_spacing&quot;,&quot;def&quot;:&quot;no_spacing&quot;},&quot;bt_bb_bottom_spacing_&quot;:{&quot;current_class&quot;:&quot;bt_bb_bottom_spacing_40&quot;,&quot;def&quot;:&quot;40&quot;}}\"><\/div><div data-bb-version=\"5.2.4\" class=\"bt_bb_button bt_bb_color_scheme_2 bt_bb_icon_position_left bt_bb_style_outline bt_bb_size_medium bt_bb_width_inline bt_bb_shape_hard_rounded bt_bb_target_blank bt_bb_text_transform_inherit bt_bb_align_center bt_bb_icon_size_normal\" style=\"; --primary-color:#191919; --secondary-color:#ffffff;\" data-bt-override-class=\"{&quot;bt_bb_size_&quot;:{&quot;current_class&quot;:&quot;bt_bb_size_medium&quot;,&quot;def&quot;:&quot;medium&quot;},&quot;bt_bb_align_&quot;:{&quot;current_class&quot;:&quot;bt_bb_align_center&quot;,&quot;def&quot;:&quot;center&quot;},&quot;bt_bb_animation_&quot;:{&quot;current_class&quot;:&quot;bt_bb_animation_no_animation&quot;,&quot;def&quot;:&quot;no_animation&quot;}}\"><a href=\"https:\/\/isbprecision.cz\" target=\"_blank\" class=\"bt_bb_link\" title=\"ISB PRECISION s.r.o.\"><span class=\"bt_bb_button_text\" >ISB PRECISION s.r.o.<\/span><\/a><\/div><div data-bb-version=\"5.2.4\" class=\"bt_bb_separator bt_bb_top_spacing_no_spacing bt_bb_bottom_spacing_60 bt_bb_border_style_none\" data-bt-override-class=\"{&quot;bt_bb_top_spacing_&quot;:{&quot;current_class&quot;:&quot;bt_bb_top_spacing_no_spacing&quot;,&quot;def&quot;:&quot;no_spacing&quot;},&quot;bt_bb_bottom_spacing_&quot;:{&quot;current_class&quot;:&quot;bt_bb_bottom_spacing_60&quot;,&quot;def&quot;:&quot;60&quot;,&quot;md&quot;:&quot;60&quot;,&quot;sm&quot;:&quot;60&quot;,&quot;xs&quot;:&quot;60&quot;}}\"><\/div><\/div><\/div><\/div><\/div><\/div><\/div><\/div><\/div><\/section><section data-bb-version=\"5.2.4\" id=\"bt_bb_section69eba45a98714\"  class=\"bt_bb_section bt_bb_top_spacing_40 bt_bb_bottom_spacing_40 bt_bb_layout_boxed_1200 bt_bb_vertical_align_top\" style=\";background-color:rgb(92,195,0);\" data-bt-override-class=\"{&quot;bt_bb_top_spacing_&quot;:{&quot;current_class&quot;:&quot;bt_bb_top_spacing_40&quot;,&quot;def&quot;:&quot;40&quot;},&quot;bt_bb_bottom_spacing_&quot;:{&quot;current_class&quot;:&quot;bt_bb_bottom_spacing_40&quot;,&quot;def&quot;:&quot;40&quot;}}\"><span class=\"bt_bb_overlay\"><\/span><div class=\"bt_bb_port\"><div class=\"bt_bb_cell\"><div class=\"bt_bb_cell_inner\"><div class=\"bt_bb_row_wrapper\"><div  class=\"bt_bb_row\" ><div data-bb-version=\"5.2.4\"  class=\"bt_bb_column col-xl-12 col-xs-12 col-sm-12 col-md-12 col-lg-12 bt_bb_align_left bt_bb_vertical_align_top bt_bb_padding_normal\"  data-width=\"12\" data-bt-override-class=\"{}\"><div class=\"bt_bb_column_content\"><div class=\"bt_bb_column_content_inner\"><div data-bb-version=\"5.2.4\" class=\"bt_bb_separator bt_bb_top_spacing_no_spacing bt_bb_bottom_spacing_30 bt_bb_border_style_none\" data-bt-override-class=\"{&quot;bt_bb_top_spacing_&quot;:{&quot;current_class&quot;:&quot;bt_bb_top_spacing_no_spacing&quot;,&quot;def&quot;:&quot;no_spacing&quot;},&quot;bt_bb_bottom_spacing_&quot;:{&quot;current_class&quot;:&quot;bt_bb_bottom_spacing_30&quot;,&quot;def&quot;:&quot;30&quot;}}\"><\/div><header data-bb-version=\"5.2.6\" class=\"bt_bb_headline bt_bb_font_weight_light bt_bb_dash_none bt_bb_size_inherit bt_bb_align_inherit\" data-bt-override-class=\"{&quot;bt_bb_size_&quot;:{&quot;current_class&quot;:&quot;bt_bb_size_inherit&quot;,&quot;def&quot;:&quot;inherit&quot;},&quot;bt_bb_align_&quot;:{&quot;current_class&quot;:&quot;bt_bb_align_inherit&quot;,&quot;def&quot;:&quot;inherit&quot;}}\"><h4 class=\"bt_bb_headline_tag\"><span class=\"bt_bb_headline_content\"><span >ISB Precision, einer der f\u00fchrenden tschechischen Hersteller von Halbfertigprodukten, wurde in unser Portfolio aufgenommen. Damit k\u00f6nnen wir Kunden, die sich mit der Reparatur und Wartung von Waffen besch\u00e4ftigen, einen kompletten Service bieten.<\/span><\/span><\/h4><\/header><div data-bb-version=\"5.2.4\" class=\"bt_bb_separator bt_bb_top_spacing_no_spacing bt_bb_bottom_spacing_30 bt_bb_border_style_none\" data-bt-override-class=\"{&quot;bt_bb_top_spacing_&quot;:{&quot;current_class&quot;:&quot;bt_bb_top_spacing_no_spacing&quot;,&quot;def&quot;:&quot;no_spacing&quot;},&quot;bt_bb_bottom_spacing_&quot;:{&quot;current_class&quot;:&quot;bt_bb_bottom_spacing_30&quot;,&quot;def&quot;:&quot;30&quot;}}\"><\/div><\/div><\/div><\/div><\/div><\/div><\/div><\/div><\/div><\/section><section data-bb-version=\"5.2.4\" id=\"bt_bb_section69eba45a989a7\"  class=\"bt_bb_section bt_bb_top_spacing_80 bt_bb_bottom_spacing_60 bt_bb_layout_boxed_1200 bt_bb_vertical_align_top\"  data-bt-override-class=\"{&quot;bt_bb_top_spacing_&quot;:{&quot;current_class&quot;:&quot;bt_bb_top_spacing_80&quot;,&quot;def&quot;:&quot;80&quot;},&quot;bt_bb_bottom_spacing_&quot;:{&quot;current_class&quot;:&quot;bt_bb_bottom_spacing_60&quot;,&quot;def&quot;:&quot;60&quot;}}\"><span class=\"bt_bb_overlay\"><\/span><div class=\"bt_bb_port\"><div class=\"bt_bb_cell\"><div class=\"bt_bb_cell_inner\"><div class=\"bt_bb_row_wrapper\"><div  class=\"bt_bb_row\" ><div data-bb-version=\"5.2.4\"  class=\"bt_bb_column col-xl-12 col-xs-12 col-sm-12 col-md-12 col-lg-12 bt_bb_align_left bt_bb_vertical_align_top bt_bb_padding_normal\"  data-width=\"12\" data-bt-override-class=\"{}\"><div class=\"bt_bb_column_content\"><div class=\"bt_bb_column_content_inner\"><div data-bb-version=\"5.2.4\" class=\" bt_bb_row_inner\"   data-bt-override-class=\"{}\"><div class=\"bt_bb_row_inner_holder\"  ><div data-bb-version=\"5.2.4\"  class=\"bt_bb_column_inner col-xl-6 col-xs-12 col-sm-6 col-md-6 col-lg-6 bt_bb_align_center bt_bb_vertical_align_top bt_bb_padding_normal\"  data-width=\"6\" data-bt-override-class=\"{&quot;bt_bb_align_&quot;:{&quot;current_class&quot;:&quot;bt_bb_align_center&quot;,&quot;def&quot;:&quot;center&quot;},&quot;bt_bb_padding_&quot;:{&quot;current_class&quot;:&quot;bt_bb_padding_normal&quot;,&quot;def&quot;:&quot;normal&quot;}}\"><div class=\"bt_bb_column_inner_content\"><div data-bb-version=\"5.2.4\" class=\"bt_bb_image bt_bb_shape_square bt_bb_align_inherit bt_bb_hover_style_simple bt_bb_content_display_always bt_bb_content_align_middle bt_bb_remove_padding_yes bt_bb_fill_background_color_full\" data-bt-override-class=\"{&quot;bt_bb_align_&quot;:{&quot;current_class&quot;:&quot;bt_bb_align_inherit&quot;,&quot;def&quot;:&quot;inherit&quot;}}\"><span><img src = \"https:\/\/jk-nastroje.cz\/wp-content\/plugins\/bold-page-builder\/img\/blank.gif\" data-full_image_src=\"https:\/\/jk-nastroje.cz\/wp-content\/uploads\/2024\/12\/polotovary-hlavnoviny.jpg\" data-image_src=\"https:\/\/jk-nastroje.cz\/wp-content\/uploads\/2024\/12\/polotovary-hlavnoviny.jpg\" title=\"polotovary-hlavnoviny\" alt=\"https:\/\/jk-nastroje.cz\/wp-content\/uploads\/2024\/12\/polotovary-hlavnoviny.jpg\" class=\"btLazyLoadImage\"><\/span><\/div><div data-bb-version=\"5.2.4\" class=\"bt_bb_separator bt_bb_top_spacing_no_spacing bt_bb_bottom_spacing_30 bt_bb_border_style_none\" data-bt-override-class=\"{&quot;bt_bb_top_spacing_&quot;:{&quot;current_class&quot;:&quot;bt_bb_top_spacing_no_spacing&quot;,&quot;def&quot;:&quot;no_spacing&quot;},&quot;bt_bb_bottom_spacing_&quot;:{&quot;current_class&quot;:&quot;bt_bb_bottom_spacing_30&quot;,&quot;def&quot;:&quot;30&quot;}}\"><\/div><\/div><\/div><div data-bb-version=\"5.2.4\"  class=\"bt_bb_column_inner col-xl-6 col-xs-12 col-sm-6 col-md-6 col-lg-6 bt_bb_align_left bt_bb_vertical_align_middle bt_bb_padding_normal\"  data-width=\"6\" data-bt-override-class=\"{&quot;bt_bb_align_&quot;:{&quot;current_class&quot;:&quot;bt_bb_align_left&quot;,&quot;def&quot;:&quot;left&quot;},&quot;bt_bb_padding_&quot;:{&quot;current_class&quot;:&quot;bt_bb_padding_normal&quot;,&quot;def&quot;:&quot;normal&quot;}}\"><div class=\"bt_bb_column_inner_content\"><header data-bb-version=\"5.2.6\" class=\"bt_bb_headline bt_bb_dash_none bt_bb_size_inherit bt_bb_align_inherit\" data-bt-override-class=\"{&quot;bt_bb_size_&quot;:{&quot;current_class&quot;:&quot;bt_bb_size_inherit&quot;,&quot;def&quot;:&quot;inherit&quot;},&quot;bt_bb_align_&quot;:{&quot;current_class&quot;:&quot;bt_bb_align_inherit&quot;,&quot;def&quot;:&quot;inherit&quot;}}\"><h3 class=\"bt_bb_headline_tag\"><span class=\"bt_bb_headline_content\"><span >Produktion von Halbfertigprodukten Haupt<\/span><\/span><\/h3><\/header><div data-bb-version=\"5.2.4\" class=\"bt_bb_separator bt_bb_top_spacing_no_spacing bt_bb_bottom_spacing_10 bt_bb_border_style_none\" data-bt-override-class=\"{&quot;bt_bb_top_spacing_&quot;:{&quot;current_class&quot;:&quot;bt_bb_top_spacing_no_spacing&quot;,&quot;def&quot;:&quot;no_spacing&quot;},&quot;bt_bb_bottom_spacing_&quot;:{&quot;current_class&quot;:&quot;bt_bb_bottom_spacing_10&quot;,&quot;def&quot;:&quot;10&quot;}}\"><\/div><div data-bb-version=\"5.2.4\"  class=\"bt_bb_text\" ><\/p>\n<div class=\"col-xs-12 col-sm-6\">\n<p>Laufrohlinge sind die zylindrischen Komponenten von Feuerwaffen, die maschinell bearbeitet werden, um den fertigen Lauf der Waffe zu erhalten.<br \/>\nEin typischer Laufrohling wird vor der Endbearbeitung einer Pr\u00e4zisionsbearbeitung unterzogen, die, wenn sie korrekt ausgef\u00fchrt wird, wesentlich zur Gesamtgenauigkeit der Waffe beitr\u00e4gt.<\/p>\n<p>Die Herstellung von Laufrohlingen besteht aus vier Hauptarbeitsg\u00e4ngen:<\/p>\n<p>&#8211; Tiefbohren<br \/>\n&#8211; Reiben<br \/>\n&#8211; Honen<br \/>\n&#8211; Nutextrusion<\/p>\n<\/div>\n<p>\n<\/div><\/div><\/div><\/div><\/div><\/div><\/div><\/div><\/div><\/div><\/div><\/div><\/div><\/section><section data-bb-version=\"5.2.4\" id=\"bt_bb_section69eba45a99907\"  class=\"bt_bb_section bt_bb_top_spacing_50 bt_bb_bottom_spacing_50 bt_bb_layout_boxed_1200 bt_bb_vertical_align_top\" style=\";background-color:rgb(92,195,0);\" data-bt-override-class=\"{&quot;bt_bb_top_spacing_&quot;:{&quot;current_class&quot;:&quot;bt_bb_top_spacing_50&quot;,&quot;def&quot;:&quot;50&quot;},&quot;bt_bb_bottom_spacing_&quot;:{&quot;current_class&quot;:&quot;bt_bb_bottom_spacing_50&quot;,&quot;def&quot;:&quot;50&quot;}}\"><span class=\"bt_bb_overlay\"><\/span><div class=\"bt_bb_port\"><div class=\"bt_bb_cell\"><div class=\"bt_bb_cell_inner\"><div class=\"bt_bb_row_wrapper\"><div  class=\"bt_bb_row\" ><div data-bb-version=\"5.2.4\"  class=\"bt_bb_column col-xl-12 col-xs-12 col-sm-12 col-md-12 col-lg-12 bt_bb_align_left bt_bb_vertical_align_top bt_bb_padding_normal\"  data-width=\"12\" data-bt-override-class=\"{}\"><div class=\"bt_bb_column_content\"><div class=\"bt_bb_column_content_inner\"><div data-bb-version=\"5.2.4\" class=\" bt_bb_row_inner\"   data-bt-override-class=\"{}\"><div class=\"bt_bb_row_inner_holder\"  ><div data-bb-version=\"5.2.4\"  class=\"bt_bb_column_inner col-xl-8 col-xs-12 col-sm-12 col-md-12 col-lg-8 bt_bb_align_left bt_bb_vertical_align_top bt_bb_padding_normal\"  data-width=\"8\" data-bt-override-class=\"{&quot;bt_bb_align_&quot;:{&quot;current_class&quot;:&quot;bt_bb_align_left&quot;,&quot;def&quot;:&quot;left&quot;},&quot;bt_bb_padding_&quot;:{&quot;current_class&quot;:&quot;bt_bb_padding_normal&quot;,&quot;def&quot;:&quot;normal&quot;}}\"><div class=\"bt_bb_column_inner_content\"><div data-bb-version=\"5.2.4\" class=\"bt_bb_card bt_bb_image_position_indented bt_bb_style_flat bt_bb_shape_hard_rounded\" style=\"background-color: rgb(255,255,255);--bg-color: rgb(255,255,255);\"><div class=\"bt_bb_card_content\"><div class=\"bt_bb_card_content_inner\"><div data-bb-version=\"5.2.4\" class=\"bt_bb_separator bt_bb_top_spacing_no_spacing bt_bb_bottom_spacing_30 bt_bb_border_style_none\" data-bt-override-class=\"{&quot;bt_bb_top_spacing_&quot;:{&quot;current_class&quot;:&quot;bt_bb_top_spacing_no_spacing&quot;,&quot;def&quot;:&quot;no_spacing&quot;},&quot;bt_bb_bottom_spacing_&quot;:{&quot;current_class&quot;:&quot;bt_bb_bottom_spacing_30&quot;,&quot;def&quot;:&quot;30&quot;}}\"><\/div><header data-bb-version=\"5.2.6\" class=\"bt_bb_headline bt_bb_dash_none bt_bb_size_inherit bt_bb_align_inherit\" data-bt-override-class=\"{&quot;bt_bb_size_&quot;:{&quot;current_class&quot;:&quot;bt_bb_size_inherit&quot;,&quot;def&quot;:&quot;inherit&quot;},&quot;bt_bb_align_&quot;:{&quot;current_class&quot;:&quot;bt_bb_align_inherit&quot;,&quot;def&quot;:&quot;inherit&quot;}}\"><h4 class=\"bt_bb_headline_tag\"><span class=\"bt_bb_headline_content\"><span >Die Firma ISB Precision s.r.o. ist einer der f\u00fchrenden tschechischen Hersteller von Halbfertigprodukten.<\/span><\/span><\/h4><\/header><div data-bb-version=\"5.2.4\" class=\"bt_bb_separator bt_bb_top_spacing_no_spacing bt_bb_bottom_spacing_10 bt_bb_border_style_none\" data-bt-override-class=\"{&quot;bt_bb_top_spacing_&quot;:{&quot;current_class&quot;:&quot;bt_bb_top_spacing_no_spacing&quot;,&quot;def&quot;:&quot;no_spacing&quot;},&quot;bt_bb_bottom_spacing_&quot;:{&quot;current_class&quot;:&quot;bt_bb_bottom_spacing_10&quot;,&quot;def&quot;:&quot;10&quot;}}\"><\/div><div data-bb-version=\"5.2.4\"  class=\"bt_bb_text\" ><\/p>\n<p>Wir aktualisieren st\u00e4ndig unsere Technologie und erwerben neue Maschinen, um den hohen Anforderungen unserer Produkte gerecht zu werden.<br \/>\nWir streben langfristige Gesch\u00e4ftsbeziehungen mit unseren Kunden an und bieten gleichbleibende Qualit\u00e4t und Lieferzeiten.<\/p>\n<p>Wir besch\u00e4ftigen uns mit der Entwicklung, Produktion und Modifikation von Sport- und Jagdwaffen. Wir st\u00fctzen uns auf die langj\u00e4hrige Erfahrung von Schl\u00fcsselpersonen in unserem Unternehmen in diesem anspruchsvollen T\u00e4tigkeitsbereich sowie auf die Zusammenarbeit mit Fachleuten in diesem speziellen Bereich.<\/p>\n<p>\n<\/div><div data-bb-version=\"5.2.4\" class=\"bt_bb_separator bt_bb_top_spacing_no_spacing bt_bb_bottom_spacing_30 bt_bb_border_style_none\" data-bt-override-class=\"{&quot;bt_bb_top_spacing_&quot;:{&quot;current_class&quot;:&quot;bt_bb_top_spacing_no_spacing&quot;,&quot;def&quot;:&quot;no_spacing&quot;},&quot;bt_bb_bottom_spacing_&quot;:{&quot;current_class&quot;:&quot;bt_bb_bottom_spacing_30&quot;,&quot;def&quot;:&quot;30&quot;}}\"><\/div><\/div><\/div><\/div><\/div><\/div><div data-bb-version=\"5.2.4\"  class=\"bt_bb_column_inner col-xl-4 col-xs-12 col-sm-12 col-md-12 col-lg-4 bt_bb_align_left bt_bb_vertical_align_top\"  data-width=\"4\" data-bt-override-class=\"{}\"><div class=\"bt_bb_column_inner_content\"><div data-bb-version=\"5.2.4\" class=\"bt_bb_separator bt_bb_top_spacing_no_spacing bt_bb_bottom_spacing_30 bt_bb_border_style_none\" data-bt-override-class=\"{&quot;bt_bb_top_spacing_&quot;:{&quot;current_class&quot;:&quot;bt_bb_top_spacing_no_spacing&quot;,&quot;def&quot;:&quot;no_spacing&quot;},&quot;bt_bb_bottom_spacing_&quot;:{&quot;current_class&quot;:&quot;bt_bb_bottom_spacing_30&quot;,&quot;def&quot;:&quot;30&quot;}}\"><\/div><div data-bb-version=\"5.2.4\" class=\"bt_bb_image bt_bb_shape_square bt_bb_align_inherit bt_bb_hover_style_simple bt_bb_content_display_always bt_bb_content_align_middle bt_bb_remove_padding_yes bt_bb_fill_background_color_full\" data-bt-override-class=\"{&quot;bt_bb_align_&quot;:{&quot;current_class&quot;:&quot;bt_bb_align_inherit&quot;,&quot;def&quot;:&quot;inherit&quot;}}\"><span><img src = \"https:\/\/jk-nastroje.cz\/wp-content\/plugins\/bold-page-builder\/img\/blank.gif\" data-full_image_src=\"https:\/\/jk-nastroje.cz\/wp-content\/uploads\/2024\/12\/logo-isb-black.png\" data-image_src=\"https:\/\/jk-nastroje.cz\/wp-content\/uploads\/2024\/12\/logo-isb-black.png\" title=\"logo-isb-black\" alt=\"https:\/\/jk-nastroje.cz\/wp-content\/uploads\/2024\/12\/logo-isb-black.png\" class=\"btLazyLoadImage\"><\/span><\/div><div data-bb-version=\"5.2.4\" class=\"bt_bb_separator bt_bb_top_spacing_no_spacing bt_bb_bottom_spacing_30 bt_bb_border_style_none\" data-bt-override-class=\"{&quot;bt_bb_top_spacing_&quot;:{&quot;current_class&quot;:&quot;bt_bb_top_spacing_no_spacing&quot;,&quot;def&quot;:&quot;no_spacing&quot;},&quot;bt_bb_bottom_spacing_&quot;:{&quot;current_class&quot;:&quot;bt_bb_bottom_spacing_30&quot;,&quot;def&quot;:&quot;30&quot;}}\"><\/div><\/div><\/div><\/div><\/div><\/div><\/div><\/div><\/div><\/div><\/div><\/div><\/div><\/section><section data-bb-version=\"5.2.4\" id=\"bt_bb_section69eba45a9a763\"  class=\"bt_bb_section bt_bb_top_spacing_40 bt_bb_bottom_spacing_40 bt_bb_layout_boxed_1200 bt_bb_vertical_align_top\"  data-bt-override-class=\"{&quot;bt_bb_top_spacing_&quot;:{&quot;current_class&quot;:&quot;bt_bb_top_spacing_40&quot;,&quot;def&quot;:&quot;40&quot;},&quot;bt_bb_bottom_spacing_&quot;:{&quot;current_class&quot;:&quot;bt_bb_bottom_spacing_40&quot;,&quot;def&quot;:&quot;40&quot;}}\"><span class=\"bt_bb_overlay\"><\/span><div class=\"bt_bb_port\"><div class=\"bt_bb_cell\"><div class=\"bt_bb_cell_inner\"><div class=\"bt_bb_row_wrapper\"><div  class=\"bt_bb_row\" ><div data-bb-version=\"5.1.3\"  class=\"bt_bb_column col-xl-12 col-xs-12 col-sm-12 col-md-12 col-lg-12 bt_bb_align_left bt_bb_vertical_align_top bt_bb_padding_normal\"  data-width=\"12\" data-bt-override-class=\"{}\"><div class=\"bt_bb_column_content\"><div class=\"bt_bb_column_content_inner\"><div data-bb-version=\"5.2.4\" class=\"bt_bb_slider bt_bb_height_keep-height bt_bb_multiple_slides bt_bb_use_lightbox bt_bb_gap_medium bt_bb_animation_slide animate bt_bb_gap_medium bt_bb_paging_design_dots bt_bb_active_dot_color_accent bt_bb_inactive_dot_color_light bt_bb_arrows_position_hide bt_bb_arrows_style_inherit bt_bb_show_dots_hide\"><div class=\"slick-slider\"  data-slick='{ \"lazyLoad\": \"progressive\", \"cssEase\": \"ease-out\", \"speed\": \"300\", \"prevArrow\": \"&lt;button type=\\\"button\\\" class=\\\"slick-prev\\\" aria-label=\\\"Previous\\\" tabindex=\\\"0\\\" role=\\\"button\\\"&gt;&lt;\/button&gt;\", \"nextArrow\": \"&lt;button type=\\\"button\\\" class=\\\"slick-next\\\" aria-label=\\\"Next\\\" tabindex=\\\"0\\\" role=\\\"button\\\"&gt;&lt;\/button&gt;\",\"slidesToShow\": 4, \"autoplay\": true, \"autoplaySpeed\": 4000, \"pauseOnHover\": false,\"slidesToShow\": 4, \"responsive\": [{ \"breakpoint\": 481, \"settings\": { \"slidesToShow\": 2, \"slidesToScroll\": 2 } },{ \"breakpoint\": 769, \"settings\": { \"slidesToShow\": 2, \"slidesToScroll\": 2 } },{ \"breakpoint\": 993, \"settings\": { \"slidesToShow\": 3, \"slidesToScroll\": 3 } },{ \"breakpoint\": 1201, \"settings\": { \"slidesToShow\": 4, \"slidesToScroll\": 4 } },{ \"breakpoint\": 1401, \"settings\": { \"slidesToShow\": 4, \"slidesToScroll\": 4 } }]}' ><div class=\"bt_bb_slider_item\" data-src-full=\"https:\/\/jk-nastroje.cz\/wp-content\/uploads\/2024\/12\/img-1.jpg\"><img decoding=\"async\" src=\"https:\/\/jk-nastroje.cz\/wp-content\/uploads\/2024\/12\/img-1.jpg\" alt=\"img-1\"  title=\"img-1\"><\/div><div class=\"bt_bb_slider_item\" data-src-full=\"https:\/\/jk-nastroje.cz\/wp-content\/uploads\/2024\/12\/img-2.jpg\"><img decoding=\"async\" src=\"https:\/\/jk-nastroje.cz\/wp-content\/uploads\/2024\/12\/img-2.jpg\" alt=\"img-2\"  title=\"img-2\"><\/div><div class=\"bt_bb_slider_item\" data-src-full=\"https:\/\/jk-nastroje.cz\/wp-content\/uploads\/2024\/12\/img-3.jpg\"><img decoding=\"async\" src=\"https:\/\/jk-nastroje.cz\/wp-content\/uploads\/2024\/12\/img-3.jpg\" alt=\"img-3\"  title=\"img-3\"><\/div><div class=\"bt_bb_slider_item\" data-src-full=\"https:\/\/jk-nastroje.cz\/wp-content\/uploads\/2024\/12\/img-4.jpg\"><img decoding=\"async\" src=\"https:\/\/jk-nastroje.cz\/wp-content\/uploads\/2024\/12\/img-4.jpg\" alt=\"img-4\"  title=\"img-4\"><\/div><\/div><\/div><\/div><\/div><\/div><\/div><\/div><\/div><\/div><\/div><\/section><\/p>\n","protected":false},"excerpt":{"rendered":"","protected":false},"author":1,"featured_media":0,"parent":0,"menu_order":0,"comment_status":"closed","ping_status":"closed","template":"","meta":{"footnotes":""},"class_list":["post-3452","page","type-page","status-publish","hentry"],"_links":{"self":[{"href":"https:\/\/jk-nastroje.cz\/de\/wp-json\/wp\/v2\/pages\/3452","targetHints":{"allow":["GET"]}}],"collection":[{"href":"https:\/\/jk-nastroje.cz\/de\/wp-json\/wp\/v2\/pages"}],"about":[{"href":"https:\/\/jk-nastroje.cz\/de\/wp-json\/wp\/v2\/types\/page"}],"author":[{"embeddable":true,"href":"https:\/\/jk-nastroje.cz\/de\/wp-json\/wp\/v2\/users\/1"}],"replies":[{"embeddable":true,"href":"https:\/\/jk-nastroje.cz\/de\/wp-json\/wp\/v2\/comments?post=3452"}],"version-history":[{"count":0,"href":"https:\/\/jk-nastroje.cz\/de\/wp-json\/wp\/v2\/pages\/3452\/revisions"}],"wp:attachment":[{"href":"https:\/\/jk-nastroje.cz\/de\/wp-json\/wp\/v2\/media?parent=3452"}],"curies":[{"name":"wp","href":"https:\/\/api.w.org\/{rel}","templated":true}]}}