{"id":3469,"date":"2024-11-17T08:24:07","date_gmt":"2024-11-17T07:24:07","guid":{"rendered":"http:\/\/localhost\/JK-Nastroje-web\/kariera\/"},"modified":"2025-03-25T07:52:21","modified_gmt":"2025-03-25T06:52:21","slug":"karriere","status":"publish","type":"page","link":"https:\/\/jk-nastroje.cz\/de\/karriere\/","title":{"rendered":"Karriere"},"content":{"rendered":"<p><section data-bb-version=\"5.2.5\" id=\"bt_bb_section6a072d1582beb\"  class=\"bt_bb_section bt_bb_top_spacing_no_spacing bt_bb_bottom_spacing_no_spacing bt_bb_layout_boxed_1200 bt_bb_vertical_align_top bt_bb_background_image\" style=\"background-image:url(&#039;https:\/\/jk-nastroje.cz\/wp-content\/uploads\/2024\/11\/header-kariera-4.jpg&#039;);\" data-bt-override-class=\"{&quot;bt_bb_top_spacing_&quot;:{&quot;current_class&quot;:&quot;bt_bb_top_spacing_no_spacing&quot;,&quot;def&quot;:&quot;no_spacing&quot;},&quot;bt_bb_bottom_spacing_&quot;:{&quot;current_class&quot;:&quot;bt_bb_bottom_spacing_no_spacing&quot;,&quot;def&quot;:&quot;no_spacing&quot;}}\"><span class=\"bt_bb_overlay\"><\/span><div class=\"bt_bb_port\"><div class=\"bt_bb_cell\"><div class=\"bt_bb_cell_inner\"><div class=\"bt_bb_row_wrapper\"><div  class=\"bt_bb_row\" ><div data-bb-version=\"5.1.3\"  class=\"bt_bb_column col-xl-12 col-xs-12 col-sm-12 col-md-12 col-lg-12 bt_bb_align_left bt_bb_vertical_align_top bt_bb_padding_normal\"  data-width=\"12\" data-bt-override-class=\"{&quot;bt_bb_align_&quot;:{&quot;current_class&quot;:&quot;bt_bb_align_left&quot;,&quot;def&quot;:&quot;left&quot;},&quot;bt_bb_padding_&quot;:{&quot;current_class&quot;:&quot;bt_bb_padding_normal&quot;,&quot;def&quot;:&quot;normal&quot;}}\"><div class=\"bt_bb_column_content\"><div class=\"bt_bb_column_content_inner\"><div data-bb-version=\"5.2.4\" class=\"bt_bb_separator bt_bb_top_spacing_no_spacing bt_bb_bottom_spacing_150 bt_bb_border_style_none\" data-bt-override-class=\"{&quot;bt_bb_top_spacing_&quot;:{&quot;current_class&quot;:&quot;bt_bb_top_spacing_no_spacing&quot;,&quot;def&quot;:&quot;no_spacing&quot;},&quot;bt_bb_bottom_spacing_&quot;:{&quot;current_class&quot;:&quot;bt_bb_bottom_spacing_150&quot;,&quot;def&quot;:&quot;150&quot;,&quot;md&quot;:&quot;100&quot;,&quot;sm&quot;:&quot;100&quot;,&quot;xs&quot;:&quot;100&quot;}}\"><\/div><header data-bb-version=\"5.2.6\" class=\"bt_bb_headline bt_bb_font_weight_300 bt_bb_dash_none bt_bb_size_medium bt_bb_align_inherit\" data-bt-override-class=\"{&quot;bt_bb_size_&quot;:{&quot;current_class&quot;:&quot;bt_bb_size_medium&quot;,&quot;def&quot;:&quot;medium&quot;,&quot;md&quot;:&quot;normal&quot;,&quot;sm&quot;:&quot;normal&quot;,&quot;xs&quot;:&quot;normal&quot;},&quot;bt_bb_align_&quot;:{&quot;current_class&quot;:&quot;bt_bb_align_inherit&quot;,&quot;def&quot;:&quot;inherit&quot;}}\"><h2 class=\"bt_bb_headline_tag\"><span class=\"bt_bb_headline_content\"><span >Aktuelles Angebot<br \/><br \/>\noffene Stellen<\/span><\/span><\/h2><\/header><div data-bb-version=\"5.2.4\" class=\"bt_bb_separator bt_bb_top_spacing_no_spacing bt_bb_bottom_spacing_140 bt_bb_border_style_none\" data-bt-override-class=\"{&quot;bt_bb_top_spacing_&quot;:{&quot;current_class&quot;:&quot;bt_bb_top_spacing_no_spacing&quot;,&quot;def&quot;:&quot;no_spacing&quot;},&quot;bt_bb_bottom_spacing_&quot;:{&quot;current_class&quot;:&quot;bt_bb_bottom_spacing_140&quot;,&quot;def&quot;:&quot;140&quot;,&quot;md&quot;:&quot;80&quot;,&quot;sm&quot;:&quot;80&quot;,&quot;xs&quot;:&quot;80&quot;}}\"><\/div><\/div><\/div><\/div><\/div><\/div><\/div><\/div><\/div><\/section><section data-bb-version=\"5.2.2\" id=\"bt_bb_section6a072d1582f39\"  class=\"bt_bb_section bt_bb_top_spacing_100 bt_bb_bottom_spacing_no_spacing bt_bb_layout_boxed_1200 bt_bb_vertical_align_top\"  data-bt-override-class=\"{&quot;bt_bb_top_spacing_&quot;:{&quot;current_class&quot;:&quot;bt_bb_top_spacing_100&quot;,&quot;def&quot;:&quot;100&quot;,&quot;md&quot;:&quot;60&quot;,&quot;sm&quot;:&quot;60&quot;,&quot;xs&quot;:&quot;60&quot;},&quot;bt_bb_bottom_spacing_&quot;:{&quot;current_class&quot;:&quot;bt_bb_bottom_spacing_no_spacing&quot;,&quot;def&quot;:&quot;no_spacing&quot;}}\"><span class=\"bt_bb_overlay\"><\/span><div class=\"bt_bb_port\"><div class=\"bt_bb_cell\"><div class=\"bt_bb_cell_inner\"><div class=\"bt_bb_row_wrapper\"><div  class=\"bt_bb_row\" ><div data-bb-version=\"5.2.2\"  class=\"bt_bb_column col-xl-12 col-xs-12 col-sm-12 col-md-12 col-lg-12 bt_bb_align_left bt_bb_vertical_align_top bt_bb_padding_normal\"  data-width=\"12\" data-bt-override-class=\"{}\"><div class=\"bt_bb_column_content\"><div class=\"bt_bb_column_content_inner\"><header data-bb-version=\"5.2.6\" class=\"bt_bb_headline bt_bb_dash_none bt_bb_size_inherit bt_bb_align_inherit\" data-bt-override-class=\"{&quot;bt_bb_size_&quot;:{&quot;current_class&quot;:&quot;bt_bb_size_inherit&quot;,&quot;def&quot;:&quot;inherit&quot;},&quot;bt_bb_align_&quot;:{&quot;current_class&quot;:&quot;bt_bb_align_inherit&quot;,&quot;def&quot;:&quot;inherit&quot;}}\"><h6 class=\"bt_bb_headline_tag\"><span class=\"bt_bb_headline_content\"><span >JK N\u00c1STROJE s.r.o. sucht Mitarbeiter f\u00fcr die folgenden Positionen:<\/span><\/span><\/h6><\/header><div data-bb-version=\"5.2.2\" class=\"bt_bb_separator bt_bb_top_spacing_no_spacing bt_bb_bottom_spacing_50 bt_bb_border_style_none\" data-bt-override-class=\"{&quot;bt_bb_top_spacing_&quot;:{&quot;current_class&quot;:&quot;bt_bb_top_spacing_no_spacing&quot;,&quot;def&quot;:&quot;no_spacing&quot;},&quot;bt_bb_bottom_spacing_&quot;:{&quot;current_class&quot;:&quot;bt_bb_bottom_spacing_50&quot;,&quot;def&quot;:&quot;50&quot;}}\"><\/div><\/div><\/div><\/div><\/div><\/div><\/div><\/div><\/div><\/section><section data-bb-version=\"5.2.2\" id=\"bt_bb_section6a072d15830e1\"  class=\"bt_bb_section bt_bb_top_spacing_no_spacing bt_bb_bottom_spacing_40 bt_bb_layout_boxed_1200 bt_bb_vertical_align_top\"  data-bt-override-class=\"{&quot;bt_bb_top_spacing_&quot;:{&quot;current_class&quot;:&quot;bt_bb_top_spacing_no_spacing&quot;,&quot;def&quot;:&quot;no_spacing&quot;},&quot;bt_bb_bottom_spacing_&quot;:{&quot;current_class&quot;:&quot;bt_bb_bottom_spacing_40&quot;,&quot;def&quot;:&quot;40&quot;}}\"><span class=\"bt_bb_overlay\"><\/span><div class=\"bt_bb_port\"><div class=\"bt_bb_cell\"><div class=\"bt_bb_cell_inner\"><div class=\"bt_bb_row_wrapper\"><div  class=\"bt_bb_row\" ><div data-bb-version=\"5.2.2\"  class=\"bt_bb_column col-xl-12 col-xs-12 col-sm-12 col-md-12 col-lg-12 bt_bb_align_left bt_bb_vertical_align_top bt_bb_padding_normal\"  data-width=\"12\" data-bt-override-class=\"{}\"><div class=\"bt_bb_column_content\"><div class=\"bt_bb_column_content_inner\"><div data-bb-version=\"5.2.2\" class=\" bt_bb_row_inner\"   data-bt-override-class=\"{}\"><div class=\"bt_bb_row_inner_holder\"  ><div data-bb-version=\"5.2.2\"  class=\"bt_bb_column_inner col-xl-6 col-xs-12 col-sm-6 col-md-6 col-lg-6 bt_bb_align_left bt_bb_vertical_align_top\"  data-width=\"6\" data-bt-override-class=\"{}\"><div class=\"bt_bb_column_inner_content\"><div data-bb-version=\"5.2.2\" class=\"bt_bb_accordion bt_bb_style_outline bt_bb_shape_square\" data-closed=closed><div class=\"bt_bb_accordion_item\"><div class=\"bt_bb_accordion_item_title\">MESSMASCHINENPROGRAMMIERER<\/div><div class=\"bt_bb_accordion_item_content\"><div data-bb-version=\"5.2.2\"  class=\"bt_bb_text\" ><\/p>\n<p><strong>Das Unternehmen verlangt von den Bewerbern:<\/strong><\/p>\n<ul>\n<li>Mittelschule \/ Lehre im Maschinenbau<\/li>\n<li>Kenntnisse in der Zeichnungsdokumentation<\/li>\n<li>MS Office &#8211; Anwenderkenntnisse<\/li>\n<li>Erfahrung mit 3D-Koordinatenmessger\u00e4ten<\/li>\n<li>Erfahrung in der Programmierung von 3D-Koordinatenmessger\u00e4ten<\/li>\n<li>gute Arbeitsmoral<\/li>\n<li>Zuverl\u00e4ssigkeit und Selbstst\u00e4ndigkeit<\/li>\n<li>Erfahrung in dieser Position von Vorteil<\/li>\n<\/ul>\n<p>\n<\/div><div data-bb-version=\"5.2.2\" class=\"bt_bb_separator bt_bb_top_spacing_no_spacing bt_bb_bottom_spacing_10 bt_bb_border_style_none\" data-bt-override-class=\"{&quot;bt_bb_top_spacing_&quot;:{&quot;current_class&quot;:&quot;bt_bb_top_spacing_no_spacing&quot;,&quot;def&quot;:&quot;no_spacing&quot;},&quot;bt_bb_bottom_spacing_&quot;:{&quot;current_class&quot;:&quot;bt_bb_bottom_spacing_10&quot;,&quot;def&quot;:&quot;10&quot;}}\"><\/div><div data-bb-version=\"5.2.2\" class=\"bt_bb_image bt_bb_shape_square bt_bb_align_inherit bt_bb_hover_style_simple bt_bb_content_display_always bt_bb_content_align_middle bt_bb_remove_padding_yes bt_bb_fill_background_color_full\" data-bt-override-class=\"{&quot;bt_bb_align_&quot;:{&quot;current_class&quot;:&quot;bt_bb_align_inherit&quot;,&quot;def&quot;:&quot;inherit&quot;}}\"><span><img src = \"https:\/\/jk-nastroje.cz\/wp-content\/plugins\/bold-page-builder\/img\/blank.gif\" data-full_image_src=\"https:\/\/jk-nastroje.cz\/wp-content\/uploads\/2024\/11\/programator-mericich-stroju.jpg\" data-image_src=\"https:\/\/jk-nastroje.cz\/wp-content\/uploads\/2024\/11\/programator-mericich-stroju.jpg\" title=\"programator-mericich-stroju\" alt=\"https:\/\/jk-nastroje.cz\/wp-content\/uploads\/2024\/11\/programator-mericich-stroju.jpg\" class=\"btLazyLoadImage\"><\/span><\/div><\/div><\/div><div class=\"bt_bb_accordion_item\"><div class=\"bt_bb_accordion_item_title\">CNC-FR\u00c4SMASCHINENBEDIENE<\/div><div class=\"bt_bb_accordion_item_content\"><div data-bb-version=\"5.2.2\"  class=\"bt_bb_text\" ><\/p>\n<p><strong>Das Unternehmen verlangt von den Bewerbern:<\/strong><\/p>\n<ul>\n<li>ein abgeschlossenes Studium des Maschinenbaus oder einer verwandten Fachrichtung oder einen Hochschulabschluss in Maschinenbau<\/li>\n<li>Erfahrung in der Bedienung von CNC-Maschinen ist von Vorteil<\/li>\n<li>gute Arbeitsmoral<\/li>\n<li>Zuverl\u00e4ssigkeit und Selbstst\u00e4ndigkeit<\/li>\n<li>gesundheitliche Eignung zur Arbeit im Dreischichtbetrieb<\/li>\n<\/ul>\n<p>\n<\/div><div data-bb-version=\"5.2.2\" class=\"bt_bb_separator bt_bb_top_spacing_no_spacing bt_bb_bottom_spacing_10 bt_bb_border_style_none\" data-bt-override-class=\"{&quot;bt_bb_top_spacing_&quot;:{&quot;current_class&quot;:&quot;bt_bb_top_spacing_no_spacing&quot;,&quot;def&quot;:&quot;no_spacing&quot;},&quot;bt_bb_bottom_spacing_&quot;:{&quot;current_class&quot;:&quot;bt_bb_bottom_spacing_10&quot;,&quot;def&quot;:&quot;10&quot;}}\"><\/div><div data-bb-version=\"5.2.2\" class=\"bt_bb_image bt_bb_shape_square bt_bb_align_inherit bt_bb_hover_style_simple bt_bb_content_display_always bt_bb_content_align_middle bt_bb_remove_padding_yes bt_bb_fill_background_color_full\" data-bt-override-class=\"{&quot;bt_bb_align_&quot;:{&quot;current_class&quot;:&quot;bt_bb_align_inherit&quot;,&quot;def&quot;:&quot;inherit&quot;}}\"><span><img src = \"https:\/\/jk-nastroje.cz\/wp-content\/plugins\/bold-page-builder\/img\/blank.gif\" data-full_image_src=\"https:\/\/jk-nastroje.cz\/wp-content\/uploads\/2024\/11\/operator-frezek.jpg\" data-image_src=\"https:\/\/jk-nastroje.cz\/wp-content\/uploads\/2024\/11\/operator-frezek.jpg\" title=\"operator-frezek\" alt=\"https:\/\/jk-nastroje.cz\/wp-content\/uploads\/2024\/11\/operator-frezek.jpg\" class=\"btLazyLoadImage\"><\/span><\/div><\/div><\/div><div class=\"bt_bb_accordion_item\"><div class=\"bt_bb_accordion_item_title\">CNC-DREHER<\/div><div class=\"bt_bb_accordion_item_content\"><div data-bb-version=\"5.2.2\"  class=\"bt_bb_text\" ><\/p>\n<p><strong>Das Unternehmen verlangt von den Bewerbern:<\/strong><\/p>\n<ul>\n<li>ein abgeschlossenes Studium des Maschinenbaus oder einer verwandten Fachrichtung oder einen Hochschulabschluss im Bereich Maschinenbau<\/li>\n<li>Erfahrung in der Bedienung von CNC-Drehmaschinen mit zwei Achsen wird vorausgesetzt<\/li>\n<li>vorzugsweise Erfahrung an multifunktionalen Drehzentren mit angetriebenen Werkzeugen<\/li>\n<li>gute Arbeitsmoral<\/li>\n<li>Zuverl\u00e4ssigkeit und Selbstst\u00e4ndigkeit<\/li>\n<li>gesundheitliche Eignung zur Arbeit im Dreischichtbetrieb<\/li>\n<\/ul>\n<p>\n<\/div><div data-bb-version=\"5.2.2\" class=\"bt_bb_separator bt_bb_top_spacing_no_spacing bt_bb_bottom_spacing_10 bt_bb_border_style_none\" data-bt-override-class=\"{&quot;bt_bb_top_spacing_&quot;:{&quot;current_class&quot;:&quot;bt_bb_top_spacing_no_spacing&quot;,&quot;def&quot;:&quot;no_spacing&quot;},&quot;bt_bb_bottom_spacing_&quot;:{&quot;current_class&quot;:&quot;bt_bb_bottom_spacing_10&quot;,&quot;def&quot;:&quot;10&quot;}}\"><\/div><div data-bb-version=\"5.2.2\" class=\"bt_bb_image bt_bb_shape_square bt_bb_align_inherit bt_bb_hover_style_simple bt_bb_content_display_always bt_bb_content_align_middle bt_bb_remove_padding_yes bt_bb_fill_background_color_full\" data-bt-override-class=\"{&quot;bt_bb_align_&quot;:{&quot;current_class&quot;:&quot;bt_bb_align_inherit&quot;,&quot;def&quot;:&quot;inherit&quot;}}\"><span><img src = \"https:\/\/jk-nastroje.cz\/wp-content\/plugins\/bold-page-builder\/img\/blank.gif\" data-full_image_src=\"https:\/\/jk-nastroje.cz\/wp-content\/uploads\/2024\/11\/operator-soustruhu.jpg\" data-image_src=\"https:\/\/jk-nastroje.cz\/wp-content\/uploads\/2024\/11\/operator-soustruhu.jpg\" title=\"operator-soustruhu\" alt=\"https:\/\/jk-nastroje.cz\/wp-content\/uploads\/2024\/11\/operator-soustruhu.jpg\" class=\"btLazyLoadImage\"><\/span><\/div><\/div><\/div><div class=\"bt_bb_accordion_item\"><div class=\"bt_bb_accordion_item_title\">SCHLEIFER WERKZEUGMACHER<\/div><div class=\"bt_bb_accordion_item_content\"><div data-bb-version=\"5.2.2\"  class=\"bt_bb_text\" ><\/p>\n<p><strong>Das Unternehmen verlangt von den Bewerbern:<\/strong><\/p>\n<ul>\n<li>eine Ausbildung als Schlosser (oder als Schleifer oder Werkzeugmacher)<\/li>\n<li>Grundkenntnisse und -fertigkeiten im konventionellen Werkzeugschleifen und Erfahrung in diesem Bereich<\/li>\n<li>Bedienung und Einstellung einer CNC-Werkzeugschleifmaschine von Vorteil<\/li>\n<li>Kenntnisse \u00fcber technische Zeichnungen und den Umgang mit Lehren<\/li>\n<li>handwerkliche Geschicklichkeit<\/li>\n<li>gute Arbeitsmoral<\/li>\n<li>Zuverl\u00e4ssigkeit und Selbstst\u00e4ndigkeit<\/li>\n<li>gesundheitliche Eignung zur Arbeit im Dreischicht- oder Dauerbetrieb<\/li>\n<\/ul>\n<p>\n<\/div><div data-bb-version=\"5.2.2\" class=\"bt_bb_separator bt_bb_top_spacing_no_spacing bt_bb_bottom_spacing_10 bt_bb_border_style_none\" data-bt-override-class=\"{&quot;bt_bb_top_spacing_&quot;:{&quot;current_class&quot;:&quot;bt_bb_top_spacing_no_spacing&quot;,&quot;def&quot;:&quot;no_spacing&quot;},&quot;bt_bb_bottom_spacing_&quot;:{&quot;current_class&quot;:&quot;bt_bb_bottom_spacing_10&quot;,&quot;def&quot;:&quot;10&quot;}}\"><\/div><div data-bb-version=\"5.2.2\" class=\"bt_bb_image bt_bb_shape_square bt_bb_align_inherit bt_bb_hover_style_simple bt_bb_content_display_always bt_bb_content_align_middle bt_bb_remove_padding_yes bt_bb_fill_background_color_full\" data-bt-override-class=\"{&quot;bt_bb_align_&quot;:{&quot;current_class&quot;:&quot;bt_bb_align_inherit&quot;,&quot;def&quot;:&quot;inherit&quot;}}\"><span><img src = \"https:\/\/jk-nastroje.cz\/wp-content\/plugins\/bold-page-builder\/img\/blank.gif\" data-full_image_src=\"https:\/\/jk-nastroje.cz\/wp-content\/uploads\/2024\/11\/brusic-nastrojar.jpg\" data-image_src=\"https:\/\/jk-nastroje.cz\/wp-content\/uploads\/2024\/11\/brusic-nastrojar.jpg\" title=\"brusic-nastrojar\" alt=\"https:\/\/jk-nastroje.cz\/wp-content\/uploads\/2024\/11\/brusic-nastrojar.jpg\" class=\"btLazyLoadImage\"><\/span><\/div><\/div><\/div><div class=\"bt_bb_accordion_item\"><div class=\"bt_bb_accordion_item_title\">RUNDSCHLEIFER<\/div><div class=\"bt_bb_accordion_item_content\"><div data-bb-version=\"5.2.2\"  class=\"bt_bb_text\" ><\/p>\n<p><strong>Das Unternehmen verlangt von den Bewerbern:<\/strong><\/p>\n<ul>\n<li>ein abgeschlossenes Studium des Maschinenbaus oder einer verwandten Fachrichtung<\/li>\n<li>Erfahrung in der Bedienung einer BALL GUN bedingten<\/li>\n<li>Bedienung und Einstellung von Rundschleifmaschinen<\/li>\n<li>Kenntnis von technischen Zeichnungen und Umgang mit Lehren<\/li>\n<li>handwerkliche Geschicklichkeit<\/li>\n<li>gute Arbeitsmoral<\/li>\n<li>Zuverl\u00e4ssigkeit und Selbstst\u00e4ndigkeit<\/li>\n<li>gesundheitliche Eignung zur Arbeit im Dreischicht- oder Dauerbetrieb<\/li>\n<\/ul>\n<p>\n<\/div><div data-bb-version=\"5.2.2\" class=\"bt_bb_separator bt_bb_top_spacing_no_spacing bt_bb_bottom_spacing_10 bt_bb_border_style_none\" data-bt-override-class=\"{&quot;bt_bb_top_spacing_&quot;:{&quot;current_class&quot;:&quot;bt_bb_top_spacing_no_spacing&quot;,&quot;def&quot;:&quot;no_spacing&quot;},&quot;bt_bb_bottom_spacing_&quot;:{&quot;current_class&quot;:&quot;bt_bb_bottom_spacing_10&quot;,&quot;def&quot;:&quot;10&quot;}}\"><\/div><div data-bb-version=\"5.2.2\" class=\"bt_bb_image bt_bb_shape_square bt_bb_align_inherit bt_bb_hover_style_simple bt_bb_content_display_always bt_bb_content_align_middle bt_bb_remove_padding_yes bt_bb_fill_background_color_full\" data-bt-override-class=\"{&quot;bt_bb_align_&quot;:{&quot;current_class&quot;:&quot;bt_bb_align_inherit&quot;,&quot;def&quot;:&quot;inherit&quot;}}\"><span><img src = \"https:\/\/jk-nastroje.cz\/wp-content\/plugins\/bold-page-builder\/img\/blank.gif\" data-full_image_src=\"https:\/\/jk-nastroje.cz\/wp-content\/uploads\/2024\/11\/brusic-na-kulato.jpg\" data-image_src=\"https:\/\/jk-nastroje.cz\/wp-content\/uploads\/2024\/11\/brusic-na-kulato.jpg\" title=\"brusic-na-kulato\" alt=\"https:\/\/jk-nastroje.cz\/wp-content\/uploads\/2024\/11\/brusic-na-kulato.jpg\" class=\"btLazyLoadImage\"><\/span><\/div><\/div><\/div><div class=\"bt_bb_accordion_item\"><div class=\"bt_bb_accordion_item_title\">QUALIT\u00c4TSKONTROLLEUR<\/div><div class=\"bt_bb_accordion_item_content\"><div data-bb-version=\"5.2.2\"  class=\"bt_bb_text\" ><\/p>\n<p><strong>Das Unternehmen verlangt von den Bewerbern:<\/strong><\/p>\n<ul>\n<li>Mittlere Reife \/ Ausbildung im Maschinenbau<\/li>\n<li>Erfahrung in der Qualit\u00e4tskontrolle von Vorteil<\/li>\n<li>Erfahrung mit einer 3D-Koordinatenmessmaschine von Vorteil<\/li>\n<li>gute Arbeitsmoral<\/li>\n<li>Zuverl\u00e4ssigkeit und Selbstst\u00e4ndigkeit<\/li>\n<li>gesundheitliche Eignung zur Arbeit im Dreischicht- oder Dauerbetrieb<\/li>\n<\/ul>\n<p>\n<\/div><div data-bb-version=\"5.2.2\" class=\"bt_bb_separator bt_bb_top_spacing_no_spacing bt_bb_bottom_spacing_10 bt_bb_border_style_none\" data-bt-override-class=\"{&quot;bt_bb_top_spacing_&quot;:{&quot;current_class&quot;:&quot;bt_bb_top_spacing_no_spacing&quot;,&quot;def&quot;:&quot;no_spacing&quot;},&quot;bt_bb_bottom_spacing_&quot;:{&quot;current_class&quot;:&quot;bt_bb_bottom_spacing_10&quot;,&quot;def&quot;:&quot;10&quot;}}\"><\/div><div data-bb-version=\"5.2.2\" class=\"bt_bb_image bt_bb_shape_square bt_bb_align_inherit bt_bb_hover_style_simple bt_bb_content_display_always bt_bb_content_align_middle bt_bb_remove_padding_yes bt_bb_fill_background_color_full\" data-bt-override-class=\"{&quot;bt_bb_align_&quot;:{&quot;current_class&quot;:&quot;bt_bb_align_inherit&quot;,&quot;def&quot;:&quot;inherit&quot;}}\"><span><img src = \"https:\/\/jk-nastroje.cz\/wp-content\/plugins\/bold-page-builder\/img\/blank.gif\" data-full_image_src=\"https:\/\/jk-nastroje.cz\/wp-content\/uploads\/2024\/11\/kontrolor-kvality.jpg\" data-image_src=\"https:\/\/jk-nastroje.cz\/wp-content\/uploads\/2024\/11\/kontrolor-kvality.jpg\" title=\"kontrolor-kvality\" alt=\"https:\/\/jk-nastroje.cz\/wp-content\/uploads\/2024\/11\/kontrolor-kvality.jpg\" class=\"btLazyLoadImage\"><\/span><\/div><\/div><\/div><\/div><\/div><\/div><div data-bb-version=\"5.2.2\"  class=\"bt_bb_column_inner col-xl-6 col-xs-12 col-sm-6 col-md-6 col-lg-6 bt_bb_align_left bt_bb_vertical_align_top bt_bb_padding_20\"  data-width=\"6\" data-bt-override-class=\"{&quot;bt_bb_align_&quot;:{&quot;current_class&quot;:&quot;bt_bb_align_left&quot;,&quot;def&quot;:&quot;left&quot;},&quot;bt_bb_padding_&quot;:{&quot;current_class&quot;:&quot;bt_bb_padding_20&quot;,&quot;def&quot;:&quot;20&quot;,&quot;md&quot;:&quot;normal&quot;,&quot;sm&quot;:&quot;normal&quot;,&quot;xs&quot;:&quot;normal&quot;}}\"><div class=\"bt_bb_column_inner_content\"><header data-bb-version=\"5.2.6\" class=\"bt_bb_headline bt_bb_dash_none bt_bb_size_inherit bt_bb_align_inherit\" data-bt-override-class=\"{&quot;bt_bb_size_&quot;:{&quot;current_class&quot;:&quot;bt_bb_size_inherit&quot;,&quot;def&quot;:&quot;inherit&quot;},&quot;bt_bb_align_&quot;:{&quot;current_class&quot;:&quot;bt_bb_align_inherit&quot;,&quot;def&quot;:&quot;inherit&quot;}}\"><h5 class=\"bt_bb_headline_tag\"><span class=\"bt_bb_headline_content\"><span >WIR BIETEN<\/span><\/span><\/h5><\/header><div data-bb-version=\"5.2.2\" class=\"bt_bb_separator bt_bb_top_spacing_no_spacing bt_bb_bottom_spacing_10 bt_bb_border_style_none\" data-bt-override-class=\"{&quot;bt_bb_top_spacing_&quot;:{&quot;current_class&quot;:&quot;bt_bb_top_spacing_no_spacing&quot;,&quot;def&quot;:&quot;no_spacing&quot;},&quot;bt_bb_bottom_spacing_&quot;:{&quot;current_class&quot;:&quot;bt_bb_bottom_spacing_10&quot;,&quot;def&quot;:&quot;10&quot;}}\"><\/div><div data-bb-version=\"5.2.2\"  class=\"bt_bb_text\" ><\/p>\n<ul>\n<li>interessante Arbeit in einem stabilen Unternehmen<\/li>\n<li>M\u00f6glichkeit zur pers\u00f6nlichen Entwicklung dank neuer und moderner Technologien<\/li>\n<li>interessante finanzielle Bewertung<\/li>\n<li>\u00fcberdurchschnittliche Zuschl\u00e4ge f\u00fcr \u00dcberstunden und Nachtschichten<\/li>\n<li>3 SICK DAYS nach zwei Jahren, 5 Tage Urlaub nach f\u00fcnf Jahren<\/li>\n<li>angenehmes Arbeitsumfeld<\/li>\n<li>Essenszuschuss<\/li>\n<li>neue Arbeitskleidung f\u00fcr das Unternehmen<\/li>\n<li>Arbeit in einem Team von erfahrenen Mitarbeitern<\/li>\n<li>professionelle Ausbildung<\/li>\n<li>auch f\u00fcr Hochschulabsolventen geeignet<\/li>\n<li>Sportliche und gesellschaftliche Veranstaltungen des Unternehmens<\/li>\n<\/ul>\n<p>\n<\/div><\/div><\/div><\/div><\/div><\/div><\/div><\/div><\/div><\/div><\/div><\/div><\/div><\/section><section data-bb-version=\"5.2.2\" id=\"bt_bb_section6a072d15858ab\"  class=\"bt_bb_section bt_bb_top_spacing_no_spacing bt_bb_bottom_spacing_80 bt_bb_layout_boxed_1200 bt_bb_vertical_align_top\"  data-bt-override-class=\"{&quot;bt_bb_top_spacing_&quot;:{&quot;current_class&quot;:&quot;bt_bb_top_spacing_no_spacing&quot;,&quot;def&quot;:&quot;no_spacing&quot;},&quot;bt_bb_bottom_spacing_&quot;:{&quot;current_class&quot;:&quot;bt_bb_bottom_spacing_80&quot;,&quot;def&quot;:&quot;80&quot;}}\"><span class=\"bt_bb_overlay\"><\/span><div class=\"bt_bb_port\"><div class=\"bt_bb_cell\"><div class=\"bt_bb_cell_inner\"><div class=\"bt_bb_row_wrapper\"><div  class=\"bt_bb_row\" ><div data-bb-version=\"5.2.2\"  class=\"bt_bb_column col-xl-12 col-xs-12 col-sm-12 col-md-12 col-lg-12 bt_bb_align_left bt_bb_vertical_align_top bt_bb_padding_normal\"  data-width=\"12\" data-bt-override-class=\"{}\"><div class=\"bt_bb_column_content\"><div class=\"bt_bb_column_content_inner\"><div data-bb-version=\"5.2.2\" class=\"bt_bb_separator bt_bb_top_spacing_no_spacing bt_bb_bottom_spacing_10 bt_bb_border_style_none\" data-bt-override-class=\"{&quot;bt_bb_top_spacing_&quot;:{&quot;current_class&quot;:&quot;bt_bb_top_spacing_no_spacing&quot;,&quot;def&quot;:&quot;no_spacing&quot;},&quot;bt_bb_bottom_spacing_&quot;:{&quot;current_class&quot;:&quot;bt_bb_bottom_spacing_10&quot;,&quot;def&quot;:&quot;10&quot;}}\"><\/div><div data-bb-version=\"5.2.2\" class=\" bt_bb_row_inner\"   data-bt-override-class=\"{}\"><div class=\"bt_bb_row_inner_holder\"  ><div data-bb-version=\"5.2.2\"  class=\"bt_bb_column_inner col-xl-6 col-xs-12 col-sm-6 col-md-6 col-lg-6 bt_bb_align_left bt_bb_vertical_align_top\"  data-width=\"6\" data-bt-override-class=\"{}\"><div class=\"bt_bb_column_inner_content\"><div data-bb-version=\"5.2.2\"  class=\"bt_bb_text\" ><\/p>\n<p>Zus\u00e4tzliche Informationen \u00fcber freie Stellen:<br \/>\n<strong>Ort der Besch\u00e4ftigung:<\/strong> Podol\u00ed (okr. UH. Hradi\u0161t\u011b)<br \/>\n<strong>Anfangsdatum:<\/strong> sofort<\/p>\n<p>\n<\/div><\/div><\/div><div data-bb-version=\"5.2.2\"  class=\"bt_bb_column_inner col-xl-6 col-xs-12 col-sm-6 col-md-6 col-lg-6 bt_bb_align_left bt_bb_vertical_align_top\"  data-width=\"6\" data-bt-override-class=\"{}\"><div class=\"bt_bb_column_inner_content\"><div data-bb-version=\"5.2.2\"  class=\"bt_bb_text\" ><\/p>\n<p><strong>Sind Sie an unserem Angebot interessiert?<\/strong><br \/>\nSchicken Sie uns Ihren Lebenslauf und ein kurzes Motivationsschreiben an <a href=\"mailto:brslica@jk-nastroje.cz\">brslica@jk-nastroje.cz<\/a>, oder vereinbaren Sie ein Treffen per Telefon: +420 774 000 327.<\/p>\n<p>\n<\/div><\/div><\/div><\/div><\/div><\/div><\/div><\/div><\/div><\/div><div class=\"bt_bb_row_wrapper\"><div  class=\"bt_bb_row\" ><div data-bb-version=\"5.2.2\"  class=\"bt_bb_column col-xl-12 col-xs-12 col-sm-12 col-md-12 col-lg-12 bt_bb_align_left bt_bb_vertical_align_top bt_bb_padding_normal\"  data-width=\"12\" data-bt-override-class=\"{}\"><div class=\"bt_bb_column_content\"><div class=\"bt_bb_column_content_inner\"><div data-bb-version=\"5.2.2\" class=\"bt_bb_separator bt_bb_top_spacing_30 bt_bb_bottom_spacing_10 bt_bb_border_style_solid\" style=\"border-width: 1px;\" data-bt-override-class=\"{&quot;bt_bb_top_spacing_&quot;:{&quot;current_class&quot;:&quot;bt_bb_top_spacing_30&quot;,&quot;def&quot;:&quot;30&quot;},&quot;bt_bb_bottom_spacing_&quot;:{&quot;current_class&quot;:&quot;bt_bb_bottom_spacing_10&quot;,&quot;def&quot;:&quot;10&quot;}}\"><\/div><div data-bb-version=\"5.2.2\"  class=\"bt_bb_text\" ><\/p>\n<div id=\"pb_r1\" class=\"row\">\n<p>Bemerkung:<br \/>\n<em>Mit der Angabe der im Lebenslauf enthaltenen personenbezogenen Daten erteilt der Absender der Firma JK N\u00e1stroje s.r.o., Nr. 74, 686 04 Podol\u00ed, ID 29193583, seine Zustimmung zur Verarbeitung dieser Daten zum Zweck der Beurteilung einer m\u00f6glichen Besch\u00e4ftigung und der anschlie\u00dfenden Speicherung f\u00fcr einen Zeitraum von sechs Monaten.<\/em><\/p>\n<\/div>\n<p><em>Einzelheiten sind in der Gesch\u00e4ftsordnung der JK N\u00e1stroje s.r.o. festgelegt.<\/em><\/p>\n<p>\n<\/div><\/div><\/div><\/div><\/div><\/div><\/div><\/div><\/div><\/section><\/p>\n","protected":false},"excerpt":{"rendered":"","protected":false},"author":1,"featured_media":0,"parent":0,"menu_order":0,"comment_status":"closed","ping_status":"closed","template":"","meta":{"footnotes":""},"class_list":["post-3469","page","type-page","status-publish","hentry"],"_links":{"self":[{"href":"https:\/\/jk-nastroje.cz\/de\/wp-json\/wp\/v2\/pages\/3469","targetHints":{"allow":["GET"]}}],"collection":[{"href":"https:\/\/jk-nastroje.cz\/de\/wp-json\/wp\/v2\/pages"}],"about":[{"href":"https:\/\/jk-nastroje.cz\/de\/wp-json\/wp\/v2\/types\/page"}],"author":[{"embeddable":true,"href":"https:\/\/jk-nastroje.cz\/de\/wp-json\/wp\/v2\/users\/1"}],"replies":[{"embeddable":true,"href":"https:\/\/jk-nastroje.cz\/de\/wp-json\/wp\/v2\/comments?post=3469"}],"version-history":[{"count":0,"href":"https:\/\/jk-nastroje.cz\/de\/wp-json\/wp\/v2\/pages\/3469\/revisions"}],"wp:attachment":[{"href":"https:\/\/jk-nastroje.cz\/de\/wp-json\/wp\/v2\/media?parent=3469"}],"curies":[{"name":"wp","href":"https:\/\/api.w.org\/{rel}","templated":true}]}}