{"id":3468,"date":"2024-11-17T08:24:07","date_gmt":"2024-11-17T07:24:07","guid":{"rendered":"http:\/\/localhost\/JK-Nastroje-web\/kariera\/"},"modified":"2025-03-25T07:51:12","modified_gmt":"2025-03-25T06:51:12","slug":"careers","status":"publish","type":"page","link":"https:\/\/jk-nastroje.cz\/en\/careers\/","title":{"rendered":"Careers"},"content":{"rendered":"<p><section data-bb-version=\"5.2.5\" id=\"bt_bb_section6a0482b6df0d5\"  class=\"bt_bb_section bt_bb_top_spacing_no_spacing bt_bb_bottom_spacing_no_spacing bt_bb_layout_boxed_1200 bt_bb_vertical_align_top bt_bb_background_image\" style=\"background-image:url(&#039;https:\/\/jk-nastroje.cz\/wp-content\/uploads\/2024\/11\/header-kariera-4.jpg&#039;);\" data-bt-override-class=\"{&quot;bt_bb_top_spacing_&quot;:{&quot;current_class&quot;:&quot;bt_bb_top_spacing_no_spacing&quot;,&quot;def&quot;:&quot;no_spacing&quot;},&quot;bt_bb_bottom_spacing_&quot;:{&quot;current_class&quot;:&quot;bt_bb_bottom_spacing_no_spacing&quot;,&quot;def&quot;:&quot;no_spacing&quot;}}\"><span class=\"bt_bb_overlay\"><\/span><div class=\"bt_bb_port\"><div class=\"bt_bb_cell\"><div class=\"bt_bb_cell_inner\"><div class=\"bt_bb_row_wrapper\"><div  class=\"bt_bb_row\" ><div data-bb-version=\"5.1.3\"  class=\"bt_bb_column col-xl-12 col-xs-12 col-sm-12 col-md-12 col-lg-12 bt_bb_align_left bt_bb_vertical_align_top bt_bb_padding_normal\"  data-width=\"12\" data-bt-override-class=\"{&quot;bt_bb_align_&quot;:{&quot;current_class&quot;:&quot;bt_bb_align_left&quot;,&quot;def&quot;:&quot;left&quot;},&quot;bt_bb_padding_&quot;:{&quot;current_class&quot;:&quot;bt_bb_padding_normal&quot;,&quot;def&quot;:&quot;normal&quot;}}\"><div class=\"bt_bb_column_content\"><div class=\"bt_bb_column_content_inner\"><div data-bb-version=\"5.2.4\" class=\"bt_bb_separator bt_bb_top_spacing_no_spacing bt_bb_bottom_spacing_150 bt_bb_border_style_none\" data-bt-override-class=\"{&quot;bt_bb_top_spacing_&quot;:{&quot;current_class&quot;:&quot;bt_bb_top_spacing_no_spacing&quot;,&quot;def&quot;:&quot;no_spacing&quot;},&quot;bt_bb_bottom_spacing_&quot;:{&quot;current_class&quot;:&quot;bt_bb_bottom_spacing_150&quot;,&quot;def&quot;:&quot;150&quot;,&quot;md&quot;:&quot;100&quot;,&quot;sm&quot;:&quot;100&quot;,&quot;xs&quot;:&quot;100&quot;}}\"><\/div><header data-bb-version=\"5.2.6\" class=\"bt_bb_headline bt_bb_font_weight_300 bt_bb_dash_none bt_bb_size_medium bt_bb_align_inherit\" data-bt-override-class=\"{&quot;bt_bb_size_&quot;:{&quot;current_class&quot;:&quot;bt_bb_size_medium&quot;,&quot;def&quot;:&quot;medium&quot;,&quot;md&quot;:&quot;normal&quot;,&quot;sm&quot;:&quot;normal&quot;,&quot;xs&quot;:&quot;normal&quot;},&quot;bt_bb_align_&quot;:{&quot;current_class&quot;:&quot;bt_bb_align_inherit&quot;,&quot;def&quot;:&quot;inherit&quot;}}\"><h2 class=\"bt_bb_headline_tag\"><span class=\"bt_bb_headline_content\"><span >Current offer<br \/><br \/>\nvacancies<\/span><\/span><\/h2><\/header><div data-bb-version=\"5.2.4\" class=\"bt_bb_separator bt_bb_top_spacing_no_spacing bt_bb_bottom_spacing_140 bt_bb_border_style_none\" data-bt-override-class=\"{&quot;bt_bb_top_spacing_&quot;:{&quot;current_class&quot;:&quot;bt_bb_top_spacing_no_spacing&quot;,&quot;def&quot;:&quot;no_spacing&quot;},&quot;bt_bb_bottom_spacing_&quot;:{&quot;current_class&quot;:&quot;bt_bb_bottom_spacing_140&quot;,&quot;def&quot;:&quot;140&quot;,&quot;md&quot;:&quot;80&quot;,&quot;sm&quot;:&quot;80&quot;,&quot;xs&quot;:&quot;80&quot;}}\"><\/div><\/div><\/div><\/div><\/div><\/div><\/div><\/div><\/div><\/section><section data-bb-version=\"5.2.2\" id=\"bt_bb_section6a0482b6df478\"  class=\"bt_bb_section bt_bb_top_spacing_100 bt_bb_bottom_spacing_no_spacing bt_bb_layout_boxed_1200 bt_bb_vertical_align_top\"  data-bt-override-class=\"{&quot;bt_bb_top_spacing_&quot;:{&quot;current_class&quot;:&quot;bt_bb_top_spacing_100&quot;,&quot;def&quot;:&quot;100&quot;,&quot;md&quot;:&quot;60&quot;,&quot;sm&quot;:&quot;60&quot;,&quot;xs&quot;:&quot;60&quot;},&quot;bt_bb_bottom_spacing_&quot;:{&quot;current_class&quot;:&quot;bt_bb_bottom_spacing_no_spacing&quot;,&quot;def&quot;:&quot;no_spacing&quot;}}\"><span class=\"bt_bb_overlay\"><\/span><div class=\"bt_bb_port\"><div class=\"bt_bb_cell\"><div class=\"bt_bb_cell_inner\"><div class=\"bt_bb_row_wrapper\"><div  class=\"bt_bb_row\" ><div data-bb-version=\"5.2.2\"  class=\"bt_bb_column col-xl-12 col-xs-12 col-sm-12 col-md-12 col-lg-12 bt_bb_align_left bt_bb_vertical_align_top bt_bb_padding_normal\"  data-width=\"12\" data-bt-override-class=\"{}\"><div class=\"bt_bb_column_content\"><div class=\"bt_bb_column_content_inner\"><header data-bb-version=\"5.2.6\" class=\"bt_bb_headline bt_bb_dash_none bt_bb_size_inherit bt_bb_align_inherit\" data-bt-override-class=\"{&quot;bt_bb_size_&quot;:{&quot;current_class&quot;:&quot;bt_bb_size_inherit&quot;,&quot;def&quot;:&quot;inherit&quot;},&quot;bt_bb_align_&quot;:{&quot;current_class&quot;:&quot;bt_bb_align_inherit&quot;,&quot;def&quot;:&quot;inherit&quot;}}\"><h6 class=\"bt_bb_headline_tag\"><span class=\"bt_bb_headline_content\"><span >JK N\u00c1STROJE s.r.o. is looking for employees for the following positions:<\/span><\/span><\/h6><\/header><div data-bb-version=\"5.2.2\" class=\"bt_bb_separator bt_bb_top_spacing_no_spacing bt_bb_bottom_spacing_50 bt_bb_border_style_none\" data-bt-override-class=\"{&quot;bt_bb_top_spacing_&quot;:{&quot;current_class&quot;:&quot;bt_bb_top_spacing_no_spacing&quot;,&quot;def&quot;:&quot;no_spacing&quot;},&quot;bt_bb_bottom_spacing_&quot;:{&quot;current_class&quot;:&quot;bt_bb_bottom_spacing_50&quot;,&quot;def&quot;:&quot;50&quot;}}\"><\/div><\/div><\/div><\/div><\/div><\/div><\/div><\/div><\/div><\/section><section data-bb-version=\"5.2.2\" id=\"bt_bb_section6a0482b6df660\"  class=\"bt_bb_section bt_bb_top_spacing_no_spacing bt_bb_bottom_spacing_40 bt_bb_layout_boxed_1200 bt_bb_vertical_align_top\"  data-bt-override-class=\"{&quot;bt_bb_top_spacing_&quot;:{&quot;current_class&quot;:&quot;bt_bb_top_spacing_no_spacing&quot;,&quot;def&quot;:&quot;no_spacing&quot;},&quot;bt_bb_bottom_spacing_&quot;:{&quot;current_class&quot;:&quot;bt_bb_bottom_spacing_40&quot;,&quot;def&quot;:&quot;40&quot;}}\"><span class=\"bt_bb_overlay\"><\/span><div class=\"bt_bb_port\"><div class=\"bt_bb_cell\"><div class=\"bt_bb_cell_inner\"><div class=\"bt_bb_row_wrapper\"><div  class=\"bt_bb_row\" ><div data-bb-version=\"5.2.2\"  class=\"bt_bb_column col-xl-12 col-xs-12 col-sm-12 col-md-12 col-lg-12 bt_bb_align_left bt_bb_vertical_align_top bt_bb_padding_normal\"  data-width=\"12\" data-bt-override-class=\"{}\"><div class=\"bt_bb_column_content\"><div class=\"bt_bb_column_content_inner\"><div data-bb-version=\"5.2.2\" class=\" bt_bb_row_inner\"   data-bt-override-class=\"{}\"><div class=\"bt_bb_row_inner_holder\"  ><div data-bb-version=\"5.2.2\"  class=\"bt_bb_column_inner col-xl-6 col-xs-12 col-sm-6 col-md-6 col-lg-6 bt_bb_align_left bt_bb_vertical_align_top\"  data-width=\"6\" data-bt-override-class=\"{}\"><div class=\"bt_bb_column_inner_content\"><div data-bb-version=\"5.2.2\" class=\"bt_bb_accordion bt_bb_style_outline bt_bb_shape_square\" data-closed=closed><div class=\"bt_bb_accordion_item\"><div class=\"bt_bb_accordion_item_title\">MEASURING MACHINE PROGRAMMER<\/div><div class=\"bt_bb_accordion_item_content\"><div data-bb-version=\"5.2.2\"  class=\"bt_bb_text\" ><\/p>\n<p><strong>The company requires from applicants:<\/strong><\/p>\n<ul>\n<li>secondary school \/ apprenticeship in mechanical engineering<\/li>\n<li>knowledge of drawing documentation<\/li>\n<li>MS Office &#8211; user knowledge<\/li>\n<li>experience with 3D coordinate measuring machine<\/li>\n<li>experience in programming 3D coordinate measuring machines<\/li>\n<li>good work ethic<\/li>\n<li>reliability and independence<\/li>\n<li>experience in this position an advantage<\/li>\n<\/ul>\n<p>\n<\/div><div data-bb-version=\"5.2.2\" class=\"bt_bb_separator bt_bb_top_spacing_no_spacing bt_bb_bottom_spacing_10 bt_bb_border_style_none\" data-bt-override-class=\"{&quot;bt_bb_top_spacing_&quot;:{&quot;current_class&quot;:&quot;bt_bb_top_spacing_no_spacing&quot;,&quot;def&quot;:&quot;no_spacing&quot;},&quot;bt_bb_bottom_spacing_&quot;:{&quot;current_class&quot;:&quot;bt_bb_bottom_spacing_10&quot;,&quot;def&quot;:&quot;10&quot;}}\"><\/div><div data-bb-version=\"5.2.2\" class=\"bt_bb_image bt_bb_shape_square bt_bb_align_inherit bt_bb_hover_style_simple bt_bb_content_display_always bt_bb_content_align_middle bt_bb_remove_padding_yes bt_bb_fill_background_color_full\" data-bt-override-class=\"{&quot;bt_bb_align_&quot;:{&quot;current_class&quot;:&quot;bt_bb_align_inherit&quot;,&quot;def&quot;:&quot;inherit&quot;}}\"><span><img src = \"https:\/\/jk-nastroje.cz\/wp-content\/plugins\/bold-page-builder\/img\/blank.gif\" data-full_image_src=\"https:\/\/jk-nastroje.cz\/wp-content\/uploads\/2024\/11\/programator-mericich-stroju.jpg\" data-image_src=\"https:\/\/jk-nastroje.cz\/wp-content\/uploads\/2024\/11\/programator-mericich-stroju.jpg\" title=\"programator-mericich-stroju\" alt=\"https:\/\/jk-nastroje.cz\/wp-content\/uploads\/2024\/11\/programator-mericich-stroju.jpg\" class=\"btLazyLoadImage\"><\/span><\/div><\/div><\/div><div class=\"bt_bb_accordion_item\"><div class=\"bt_bb_accordion_item_title\">CNC MILLING MACHINE OPERATOR<\/div><div class=\"bt_bb_accordion_item_content\"><div data-bb-version=\"5.2.2\"  class=\"bt_bb_text\" ><\/p>\n<p><strong>The company requires from applicants:<\/strong><\/p>\n<ul>\n<li>a degree in mechanical engineering or a related field, or a high school degree in mechanical engineering<\/li>\n<li>experience in operating CNC machines an advantage<\/li>\n<li>good work ethic<\/li>\n<li>reliability and independence<\/li>\n<li>medical fitness to work in three-shift operation<\/li>\n<\/ul>\n<p>\n<\/div><div data-bb-version=\"5.2.2\" class=\"bt_bb_separator bt_bb_top_spacing_no_spacing bt_bb_bottom_spacing_10 bt_bb_border_style_none\" data-bt-override-class=\"{&quot;bt_bb_top_spacing_&quot;:{&quot;current_class&quot;:&quot;bt_bb_top_spacing_no_spacing&quot;,&quot;def&quot;:&quot;no_spacing&quot;},&quot;bt_bb_bottom_spacing_&quot;:{&quot;current_class&quot;:&quot;bt_bb_bottom_spacing_10&quot;,&quot;def&quot;:&quot;10&quot;}}\"><\/div><div data-bb-version=\"5.2.2\" class=\"bt_bb_image bt_bb_shape_square bt_bb_align_inherit bt_bb_hover_style_simple bt_bb_content_display_always bt_bb_content_align_middle bt_bb_remove_padding_yes bt_bb_fill_background_color_full\" data-bt-override-class=\"{&quot;bt_bb_align_&quot;:{&quot;current_class&quot;:&quot;bt_bb_align_inherit&quot;,&quot;def&quot;:&quot;inherit&quot;}}\"><span><img src = \"https:\/\/jk-nastroje.cz\/wp-content\/plugins\/bold-page-builder\/img\/blank.gif\" data-full_image_src=\"https:\/\/jk-nastroje.cz\/wp-content\/uploads\/2024\/11\/operator-frezek.jpg\" data-image_src=\"https:\/\/jk-nastroje.cz\/wp-content\/uploads\/2024\/11\/operator-frezek.jpg\" title=\"operator-frezek\" alt=\"https:\/\/jk-nastroje.cz\/wp-content\/uploads\/2024\/11\/operator-frezek.jpg\" class=\"btLazyLoadImage\"><\/span><\/div><\/div><\/div><div class=\"bt_bb_accordion_item\"><div class=\"bt_bb_accordion_item_title\">CNC LATHE OPERATOR<\/div><div class=\"bt_bb_accordion_item_content\"><div data-bb-version=\"5.2.2\"  class=\"bt_bb_text\" ><\/p>\n<p><strong>The company requires from applicants:<\/strong><\/p>\n<ul>\n<li>a degree in mechanical engineering or a related field, or a high school degree in mechanical engineering<\/li>\n<li><strong>experience in the operation of CNC two-axis lathes a prerequisite<\/strong><\/li>\n<li><strong>preferably experience on multifunctional turning centres with powered tools<\/strong><\/li>\n<li>good work ethic<\/li>\n<li>reliability and independence<\/li>\n<li>medical fitness to work in three-shift operation<\/li>\n<\/ul>\n<p>\n<\/div><div data-bb-version=\"5.2.2\" class=\"bt_bb_separator bt_bb_top_spacing_no_spacing bt_bb_bottom_spacing_10 bt_bb_border_style_none\" data-bt-override-class=\"{&quot;bt_bb_top_spacing_&quot;:{&quot;current_class&quot;:&quot;bt_bb_top_spacing_no_spacing&quot;,&quot;def&quot;:&quot;no_spacing&quot;},&quot;bt_bb_bottom_spacing_&quot;:{&quot;current_class&quot;:&quot;bt_bb_bottom_spacing_10&quot;,&quot;def&quot;:&quot;10&quot;}}\"><\/div><div data-bb-version=\"5.2.2\" class=\"bt_bb_image bt_bb_shape_square bt_bb_align_inherit bt_bb_hover_style_simple bt_bb_content_display_always bt_bb_content_align_middle bt_bb_remove_padding_yes bt_bb_fill_background_color_full\" data-bt-override-class=\"{&quot;bt_bb_align_&quot;:{&quot;current_class&quot;:&quot;bt_bb_align_inherit&quot;,&quot;def&quot;:&quot;inherit&quot;}}\"><span><img src = \"https:\/\/jk-nastroje.cz\/wp-content\/plugins\/bold-page-builder\/img\/blank.gif\" data-full_image_src=\"https:\/\/jk-nastroje.cz\/wp-content\/uploads\/2024\/11\/operator-soustruhu.jpg\" data-image_src=\"https:\/\/jk-nastroje.cz\/wp-content\/uploads\/2024\/11\/operator-soustruhu.jpg\" title=\"operator-soustruhu\" alt=\"https:\/\/jk-nastroje.cz\/wp-content\/uploads\/2024\/11\/operator-soustruhu.jpg\" class=\"btLazyLoadImage\"><\/span><\/div><\/div><\/div><div class=\"bt_bb_accordion_item\"><div class=\"bt_bb_accordion_item_title\">GRINDER TOOLMAKER<\/div><div class=\"bt_bb_accordion_item_content\"><div data-bb-version=\"5.2.2\"  class=\"bt_bb_text\" ><\/p>\n<p><strong>The company requires from applicants:<\/strong><\/p>\n<ul>\n<li>trained as a metalworker (or as a grinder or toolmaker)<\/li>\n<li>basic knowledge and skills in conventional tool grinding and experience in this field<\/li>\n<li>operation and adjustment of a CNC tool grinder an advantage<\/li>\n<li>knowledge of technical drawings and working with gauges<\/li>\n<li>manual dexterity<\/li>\n<li>good work ethic<\/li>\n<li>reliability and independence<\/li>\n<li>medical fitness to work in three-shift or continuous operation<\/li>\n<\/ul>\n<p>\n<\/div><div data-bb-version=\"5.2.2\" class=\"bt_bb_separator bt_bb_top_spacing_no_spacing bt_bb_bottom_spacing_10 bt_bb_border_style_none\" data-bt-override-class=\"{&quot;bt_bb_top_spacing_&quot;:{&quot;current_class&quot;:&quot;bt_bb_top_spacing_no_spacing&quot;,&quot;def&quot;:&quot;no_spacing&quot;},&quot;bt_bb_bottom_spacing_&quot;:{&quot;current_class&quot;:&quot;bt_bb_bottom_spacing_10&quot;,&quot;def&quot;:&quot;10&quot;}}\"><\/div><div data-bb-version=\"5.2.2\" class=\"bt_bb_image bt_bb_shape_square bt_bb_align_inherit bt_bb_hover_style_simple bt_bb_content_display_always bt_bb_content_align_middle bt_bb_remove_padding_yes bt_bb_fill_background_color_full\" data-bt-override-class=\"{&quot;bt_bb_align_&quot;:{&quot;current_class&quot;:&quot;bt_bb_align_inherit&quot;,&quot;def&quot;:&quot;inherit&quot;}}\"><span><img src = \"https:\/\/jk-nastroje.cz\/wp-content\/plugins\/bold-page-builder\/img\/blank.gif\" data-full_image_src=\"https:\/\/jk-nastroje.cz\/wp-content\/uploads\/2024\/11\/brusic-nastrojar.jpg\" data-image_src=\"https:\/\/jk-nastroje.cz\/wp-content\/uploads\/2024\/11\/brusic-nastrojar.jpg\" title=\"brusic-nastrojar\" alt=\"https:\/\/jk-nastroje.cz\/wp-content\/uploads\/2024\/11\/brusic-nastrojar.jpg\" class=\"btLazyLoadImage\"><\/span><\/div><\/div><\/div><div class=\"bt_bb_accordion_item\"><div class=\"bt_bb_accordion_item_title\">ROUND GRINDER<\/div><div class=\"bt_bb_accordion_item_content\"><div data-bb-version=\"5.2.2\"  class=\"bt_bb_text\" ><\/p>\n<p><strong>The company requires from applicants:<\/strong><\/p>\n<ul>\n<li>a degree in mechanical engineering or a related field<\/li>\n<li>experience in operation of a BALL GUN conditional<\/li>\n<li>operation and adjustment of cylindrical grinding machines<\/li>\n<li>knowledge of technical drawings and working with gauges<\/li>\n<li>manual dexterity<\/li>\n<li>good work ethic<\/li>\n<li>reliability and independence<\/li>\n<li>medical fitness to work in three-shift or continuous operation<\/li>\n<\/ul>\n<p>\n<\/div><div data-bb-version=\"5.2.2\" class=\"bt_bb_separator bt_bb_top_spacing_no_spacing bt_bb_bottom_spacing_10 bt_bb_border_style_none\" data-bt-override-class=\"{&quot;bt_bb_top_spacing_&quot;:{&quot;current_class&quot;:&quot;bt_bb_top_spacing_no_spacing&quot;,&quot;def&quot;:&quot;no_spacing&quot;},&quot;bt_bb_bottom_spacing_&quot;:{&quot;current_class&quot;:&quot;bt_bb_bottom_spacing_10&quot;,&quot;def&quot;:&quot;10&quot;}}\"><\/div><div data-bb-version=\"5.2.2\" class=\"bt_bb_image bt_bb_shape_square bt_bb_align_inherit bt_bb_hover_style_simple bt_bb_content_display_always bt_bb_content_align_middle bt_bb_remove_padding_yes bt_bb_fill_background_color_full\" data-bt-override-class=\"{&quot;bt_bb_align_&quot;:{&quot;current_class&quot;:&quot;bt_bb_align_inherit&quot;,&quot;def&quot;:&quot;inherit&quot;}}\"><span><img src = \"https:\/\/jk-nastroje.cz\/wp-content\/plugins\/bold-page-builder\/img\/blank.gif\" data-full_image_src=\"https:\/\/jk-nastroje.cz\/wp-content\/uploads\/2024\/11\/brusic-na-kulato.jpg\" data-image_src=\"https:\/\/jk-nastroje.cz\/wp-content\/uploads\/2024\/11\/brusic-na-kulato.jpg\" title=\"brusic-na-kulato\" alt=\"https:\/\/jk-nastroje.cz\/wp-content\/uploads\/2024\/11\/brusic-na-kulato.jpg\" class=\"btLazyLoadImage\"><\/span><\/div><\/div><\/div><div class=\"bt_bb_accordion_item\"><div class=\"bt_bb_accordion_item_title\">QUALITY CONTROLLER<\/div><div class=\"bt_bb_accordion_item_content\"><div data-bb-version=\"5.2.2\"  class=\"bt_bb_text\" ><\/p>\n<p><strong>The company requires from applicants:<\/strong><\/p>\n<ul>\n<li>secondary school \/ apprenticeship in mechanical engineering<\/li>\n<li>experience in quality control an advantage<\/li>\n<li>experience with a 3D coordinate measuring machine an advantage<\/li>\n<li>good work ethic<\/li>\n<li>reliability and independence<\/li>\n<li>medical fitness to work in three-shift or continuous operation<\/li>\n<\/ul>\n<p>\n<\/div><div data-bb-version=\"5.2.2\" class=\"bt_bb_separator bt_bb_top_spacing_no_spacing bt_bb_bottom_spacing_10 bt_bb_border_style_none\" data-bt-override-class=\"{&quot;bt_bb_top_spacing_&quot;:{&quot;current_class&quot;:&quot;bt_bb_top_spacing_no_spacing&quot;,&quot;def&quot;:&quot;no_spacing&quot;},&quot;bt_bb_bottom_spacing_&quot;:{&quot;current_class&quot;:&quot;bt_bb_bottom_spacing_10&quot;,&quot;def&quot;:&quot;10&quot;}}\"><\/div><div data-bb-version=\"5.2.2\" class=\"bt_bb_image bt_bb_shape_square bt_bb_align_inherit bt_bb_hover_style_simple bt_bb_content_display_always bt_bb_content_align_middle bt_bb_remove_padding_yes bt_bb_fill_background_color_full\" data-bt-override-class=\"{&quot;bt_bb_align_&quot;:{&quot;current_class&quot;:&quot;bt_bb_align_inherit&quot;,&quot;def&quot;:&quot;inherit&quot;}}\"><span><img src = \"https:\/\/jk-nastroje.cz\/wp-content\/plugins\/bold-page-builder\/img\/blank.gif\" data-full_image_src=\"https:\/\/jk-nastroje.cz\/wp-content\/uploads\/2024\/11\/kontrolor-kvality.jpg\" data-image_src=\"https:\/\/jk-nastroje.cz\/wp-content\/uploads\/2024\/11\/kontrolor-kvality.jpg\" title=\"kontrolor-kvality\" alt=\"https:\/\/jk-nastroje.cz\/wp-content\/uploads\/2024\/11\/kontrolor-kvality.jpg\" class=\"btLazyLoadImage\"><\/span><\/div><\/div><\/div><\/div><\/div><\/div><div data-bb-version=\"5.2.2\"  class=\"bt_bb_column_inner col-xl-6 col-xs-12 col-sm-6 col-md-6 col-lg-6 bt_bb_align_left bt_bb_vertical_align_top bt_bb_padding_20\"  data-width=\"6\" data-bt-override-class=\"{&quot;bt_bb_align_&quot;:{&quot;current_class&quot;:&quot;bt_bb_align_left&quot;,&quot;def&quot;:&quot;left&quot;},&quot;bt_bb_padding_&quot;:{&quot;current_class&quot;:&quot;bt_bb_padding_20&quot;,&quot;def&quot;:&quot;20&quot;,&quot;md&quot;:&quot;normal&quot;,&quot;sm&quot;:&quot;normal&quot;,&quot;xs&quot;:&quot;normal&quot;}}\"><div class=\"bt_bb_column_inner_content\"><header data-bb-version=\"5.2.6\" class=\"bt_bb_headline bt_bb_dash_none bt_bb_size_inherit bt_bb_align_inherit\" data-bt-override-class=\"{&quot;bt_bb_size_&quot;:{&quot;current_class&quot;:&quot;bt_bb_size_inherit&quot;,&quot;def&quot;:&quot;inherit&quot;},&quot;bt_bb_align_&quot;:{&quot;current_class&quot;:&quot;bt_bb_align_inherit&quot;,&quot;def&quot;:&quot;inherit&quot;}}\"><h5 class=\"bt_bb_headline_tag\"><span class=\"bt_bb_headline_content\"><span >WE OFFER<\/span><\/span><\/h5><\/header><div data-bb-version=\"5.2.2\" class=\"bt_bb_separator bt_bb_top_spacing_no_spacing bt_bb_bottom_spacing_10 bt_bb_border_style_none\" data-bt-override-class=\"{&quot;bt_bb_top_spacing_&quot;:{&quot;current_class&quot;:&quot;bt_bb_top_spacing_no_spacing&quot;,&quot;def&quot;:&quot;no_spacing&quot;},&quot;bt_bb_bottom_spacing_&quot;:{&quot;current_class&quot;:&quot;bt_bb_bottom_spacing_10&quot;,&quot;def&quot;:&quot;10&quot;}}\"><\/div><div data-bb-version=\"5.2.2\"  class=\"bt_bb_text\" ><\/p>\n<ul>\n<li>interesting work in a stable company<\/li>\n<li>opportunity for personal development thanks to new and modern technologies<\/li>\n<li>interesting financial evaluation<\/li>\n<li>above-standard extra payments for overtime and night shifts<\/li>\n<li>3 SICK DAYS after two years, 5 days of holiday after five years<\/li>\n<li>pleasant working environment<\/li>\n<li>meal allowance<\/li>\n<li>new company work clothes<\/li>\n<li>working in a team of experienced workers<\/li>\n<li>professional training<\/li>\n<li>suitable also for graduates<\/li>\n<li>sports and social events of the company<\/li>\n<\/ul>\n<p>\n<\/div><\/div><\/div><\/div><\/div><\/div><\/div><\/div><\/div><\/div><\/div><\/div><\/div><\/section><section data-bb-version=\"5.2.2\" id=\"bt_bb_section6a0482b6e219e\"  class=\"bt_bb_section bt_bb_top_spacing_no_spacing bt_bb_bottom_spacing_80 bt_bb_layout_boxed_1200 bt_bb_vertical_align_top\"  data-bt-override-class=\"{&quot;bt_bb_top_spacing_&quot;:{&quot;current_class&quot;:&quot;bt_bb_top_spacing_no_spacing&quot;,&quot;def&quot;:&quot;no_spacing&quot;},&quot;bt_bb_bottom_spacing_&quot;:{&quot;current_class&quot;:&quot;bt_bb_bottom_spacing_80&quot;,&quot;def&quot;:&quot;80&quot;}}\"><span class=\"bt_bb_overlay\"><\/span><div class=\"bt_bb_port\"><div class=\"bt_bb_cell\"><div class=\"bt_bb_cell_inner\"><div class=\"bt_bb_row_wrapper\"><div  class=\"bt_bb_row\" ><div data-bb-version=\"5.2.2\"  class=\"bt_bb_column col-xl-12 col-xs-12 col-sm-12 col-md-12 col-lg-12 bt_bb_align_left bt_bb_vertical_align_top bt_bb_padding_normal\"  data-width=\"12\" data-bt-override-class=\"{}\"><div class=\"bt_bb_column_content\"><div class=\"bt_bb_column_content_inner\"><div data-bb-version=\"5.2.2\" class=\"bt_bb_separator bt_bb_top_spacing_no_spacing bt_bb_bottom_spacing_10 bt_bb_border_style_none\" data-bt-override-class=\"{&quot;bt_bb_top_spacing_&quot;:{&quot;current_class&quot;:&quot;bt_bb_top_spacing_no_spacing&quot;,&quot;def&quot;:&quot;no_spacing&quot;},&quot;bt_bb_bottom_spacing_&quot;:{&quot;current_class&quot;:&quot;bt_bb_bottom_spacing_10&quot;,&quot;def&quot;:&quot;10&quot;}}\"><\/div><div data-bb-version=\"5.2.2\" class=\" bt_bb_row_inner\"   data-bt-override-class=\"{}\"><div class=\"bt_bb_row_inner_holder\"  ><div data-bb-version=\"5.2.2\"  class=\"bt_bb_column_inner col-xl-6 col-xs-12 col-sm-6 col-md-6 col-lg-6 bt_bb_align_left bt_bb_vertical_align_top\"  data-width=\"6\" data-bt-override-class=\"{}\"><div class=\"bt_bb_column_inner_content\"><div data-bb-version=\"5.2.2\"  class=\"bt_bb_text\" ><\/p>\n<p>Additional information on vacancies:<br \/>\n<strong>Place of employment:<\/strong> Podol\u00ed (okr. UH. Hradi\u0161t\u011b)<br \/>\n<strong>Start date:<\/strong>\u00a0immediately<\/p>\n<p>\n<\/div><\/div><\/div><div data-bb-version=\"5.2.2\"  class=\"bt_bb_column_inner col-xl-6 col-xs-12 col-sm-6 col-md-6 col-lg-6 bt_bb_align_left bt_bb_vertical_align_top\"  data-width=\"6\" data-bt-override-class=\"{}\"><div class=\"bt_bb_column_inner_content\"><div data-bb-version=\"5.2.2\"  class=\"bt_bb_text\" ><\/p>\n<p><strong>Are you interested in our offer?<\/strong><br \/>\nSend us your CV and a short motivation letter to: <a href=\"mailto:brslica@jk-nastroje.cz\">brslica@jk-nastroje.cz<\/a>, or arrange a meeting by phone: +420 774 000 327.<\/p>\n<p>\n<\/div><\/div><\/div><\/div><\/div><\/div><\/div><\/div><\/div><\/div><div class=\"bt_bb_row_wrapper\"><div  class=\"bt_bb_row\" ><div data-bb-version=\"5.2.2\"  class=\"bt_bb_column col-xl-12 col-xs-12 col-sm-12 col-md-12 col-lg-12 bt_bb_align_left bt_bb_vertical_align_top bt_bb_padding_normal\"  data-width=\"12\" data-bt-override-class=\"{}\"><div class=\"bt_bb_column_content\"><div class=\"bt_bb_column_content_inner\"><div data-bb-version=\"5.2.2\" class=\"bt_bb_separator bt_bb_top_spacing_30 bt_bb_bottom_spacing_10 bt_bb_border_style_solid\" style=\"border-width: 1px;\" data-bt-override-class=\"{&quot;bt_bb_top_spacing_&quot;:{&quot;current_class&quot;:&quot;bt_bb_top_spacing_30&quot;,&quot;def&quot;:&quot;30&quot;},&quot;bt_bb_bottom_spacing_&quot;:{&quot;current_class&quot;:&quot;bt_bb_bottom_spacing_10&quot;,&quot;def&quot;:&quot;10&quot;}}\"><\/div><div data-bb-version=\"5.2.2\"  class=\"bt_bb_text\" ><\/p>\n<div id=\"pb_r1\" class=\"row\">\n<p>Remark:<br \/>\n<em>By providing personal data included in the CV, the sender gives consent to JK N\u00e1stroje s.r.o., No. 74, 686 04 Podol\u00ed, ID 29193583, to process them for the purpose of assessing possible employment and subsequent storage for a period of six months.<\/em><\/p>\n<\/div>\n<p><em>Details are given in the internal regulations of JK N\u00e1stroje s.r.o.<\/em><\/p>\n<p>\n<\/div><\/div><\/div><\/div><\/div><\/div><\/div><\/div><\/div><\/section><\/p>\n","protected":false},"excerpt":{"rendered":"","protected":false},"author":1,"featured_media":0,"parent":0,"menu_order":0,"comment_status":"closed","ping_status":"closed","template":"","meta":{"footnotes":""},"class_list":["post-3468","page","type-page","status-publish","hentry"],"_links":{"self":[{"href":"https:\/\/jk-nastroje.cz\/en\/wp-json\/wp\/v2\/pages\/3468","targetHints":{"allow":["GET"]}}],"collection":[{"href":"https:\/\/jk-nastroje.cz\/en\/wp-json\/wp\/v2\/pages"}],"about":[{"href":"https:\/\/jk-nastroje.cz\/en\/wp-json\/wp\/v2\/types\/page"}],"author":[{"embeddable":true,"href":"https:\/\/jk-nastroje.cz\/en\/wp-json\/wp\/v2\/users\/1"}],"replies":[{"embeddable":true,"href":"https:\/\/jk-nastroje.cz\/en\/wp-json\/wp\/v2\/comments?post=3468"}],"version-history":[{"count":0,"href":"https:\/\/jk-nastroje.cz\/en\/wp-json\/wp\/v2\/pages\/3468\/revisions"}],"wp:attachment":[{"href":"https:\/\/jk-nastroje.cz\/en\/wp-json\/wp\/v2\/media?parent=3468"}],"curies":[{"name":"wp","href":"https:\/\/api.w.org\/{rel}","templated":true}]}}